	{"id":794,"date":"2017-09-30T07:44:13","date_gmt":"2017-09-30T05:44:13","guid":{"rendered":"http:\/\/thesisitalia.com\/catalogo\/system-line\/"},"modified":"2017-10-24T14:20:54","modified_gmt":"2017-10-24T12:20:54","slug":"system-line","status":"publish","type":"page","link":"https:\/\/www.thesisitalia.com\/pt-pt\/catalogo\/system-line\/","title":{"rendered":"SYSTEM line"},"content":{"rendered":"<div class=\"wpb-content-wrapper\"><p>[vc_row][vc_column width=&#8221;1\/3&#8243;]<div class=\"dt-fancy-separator title-left h1-size style-disabled\" style=\"width: 100%;\"><div class=\"dt-fancy-title\" style=\"color: #0ea1e6;\"><span class=\"separator-holder separator-left\"><\/span>SYSTEM line<span class=\"separator-holder separator-right\"><\/span><\/div><\/div>[\/vc_column][vc_column width=&#8221;2\/3&#8243;][vc_column_text]A linha <strong>SYSTEM<\/strong> foi estudada para satisfazer as exig\u00eancias de cada cliente gra\u00e7as aos v\u00e1rios acess\u00f3rios que podem ser instalados, conseguindo conjugar\u00a0<strong>grandes cargas de trabalho e otimizando os espa\u00e7os<\/strong>\u00a0\u00e0 disposi\u00e7\u00e3o, simplificando o trabalho do operador e reduzindo os consumos. Os modelos desta linha est\u00e3o equipados com um d<strong>uplo sistema de filtra\u00e7\u00e3o<\/strong>\u00a0que ret\u00e9m todos os res\u00edduos, as bombas de lavagem verticais e os bra\u00e7os de lavagem em a\u00e7o inox garantem um\u00a0<strong>grande desempenho<\/strong>. Evolution est\u00e1, al\u00e9m disso, equipada com\u00a0<strong>portas contrabalan\u00e7adas com dupla parede<\/strong>\u00a0e sistema de antiqueda e com\u00a0<strong>tanques perfilados e arredondados.<\/strong>[\/vc_column_text][\/vc_column][\/vc_row]<\/p>\n<\/div>","protected":false},"excerpt":{"rendered":"<p>[vc_row][vc_column width=&#8221;1\/3&#8243;][\/vc_column][vc_column width=&#8221;2\/3&#8243;][vc_column_text]A linha SYSTEM foi estudada para satisfazer as exig\u00eancias de cada cliente gra\u00e7as aos v\u00e1rios acess\u00f3rios que podem ser instalados, conseguindo conjugar\u00a0grandes cargas de trabalho e otimizando os espa\u00e7os\u00a0\u00e0 disposi\u00e7\u00e3o, simplificando o trabalho do operador e reduzindo os consumos. Os modelos desta linha est\u00e3o equipados com um duplo sistema de filtra\u00e7\u00e3o\u00a0que ret\u00e9m todos&hellip;<\/p>\n","protected":false},"author":1,"featured_media":0,"parent":705,"menu_order":0,"comment_status":"closed","ping_status":"closed","template":"tax-linea.php","meta":{"_acf_changed":false,"footnotes":""},"class_list":["post-794","page","type-page","status-publish","hentry","description-off"],"acf":[],"_links":{"self":[{"href":"https:\/\/www.thesisitalia.com\/pt-pt\/wp-json\/wp\/v2\/pages\/794","targetHints":{"allow":["GET"]}}],"collection":[{"href":"https:\/\/www.thesisitalia.com\/pt-pt\/wp-json\/wp\/v2\/pages"}],"about":[{"href":"https:\/\/www.thesisitalia.com\/pt-pt\/wp-json\/wp\/v2\/types\/page"}],"author":[{"embeddable":true,"href":"https:\/\/www.thesisitalia.com\/pt-pt\/wp-json\/wp\/v2\/users\/1"}],"replies":[{"embeddable":true,"href":"https:\/\/www.thesisitalia.com\/pt-pt\/wp-json\/wp\/v2\/comments?post=794"}],"version-history":[{"count":1,"href":"https:\/\/www.thesisitalia.com\/pt-pt\/wp-json\/wp\/v2\/pages\/794\/revisions"}],"predecessor-version":[{"id":795,"href":"https:\/\/www.thesisitalia.com\/pt-pt\/wp-json\/wp\/v2\/pages\/794\/revisions\/795"}],"up":[{"embeddable":true,"href":"https:\/\/www.thesisitalia.com\/pt-pt\/wp-json\/wp\/v2\/pages\/705"}],"wp:attachment":[{"href":"https:\/\/www.thesisitalia.com\/pt-pt\/wp-json\/wp\/v2\/media?parent=794"}],"curies":[{"name":"wp","href":"https:\/\/api.w.org\/{rel}","templated":true}]}}