	{"id":748,"date":"2017-09-30T07:41:44","date_gmt":"2017-09-30T05:41:44","guid":{"rendered":"http:\/\/thesisitalia.com\/catalogo\/handy-line\/"},"modified":"2019-07-16T16:42:59","modified_gmt":"2019-07-16T14:42:59","slug":"handy-line","status":"publish","type":"page","link":"https:\/\/www.thesisitalia.com\/pt-pt\/catalogo\/handy-line\/","title":{"rendered":"HANDY line"},"content":{"rendered":"<div class=\"wpb-content-wrapper\"><p>[vc_row][vc_column width=&#8221;1\/3&#8243;]<div class=\"dt-fancy-separator title-left h1-size style-disabled\" style=\"width: 100%;\"><div class=\"dt-fancy-title\" style=\"color: #0b4fa2;\"><span class=\"separator-holder separator-left\"><\/span>HANDY line<span class=\"separator-holder separator-right\"><\/span><\/div><\/div>[\/vc_column][vc_column width=&#8221;2\/3&#8243;][vc_column_text]<\/p>\n<p class=\"p1\">A linha <strong>HANDY<\/strong> distingue-se pela sua vasta gama de modelos adequados para qualquer situa\u00e7\u00e3o. O sistema de controlo atrav\u00e9s da simples placa eletr\u00f3nica permite de configurar e controlar os tempos e as temperaturas de enxaguamento e descarga e os respetivos Termostop, fundamentais para garantir um \u00f3timo resultado de lavagem. Atrav\u00e9s do painel de comando pode escolher um de seus 4 ciclos de lavagem e um ciclo de drenagem autom\u00e1tico (com bomba de drenagem instalada), visualizar facilmente no visor a temperatura do tanque e da caldeira, as mensagens do sistema de autodiagn\u00f3stico e o aviso de manuten\u00e7\u00e3o programado. O bot\u00e3o Start inteligente mudando de cor mantem-no sempre atualizado sobre o estado da m\u00e1quina de lavar loi\u00e7a cm grande simplicidade.<\/p>\n<p>[\/vc_column_text][\/vc_column][\/vc_row]<\/p>\n<\/div>","protected":false},"excerpt":{"rendered":"<p>[vc_row][vc_column width=&#8221;1\/3&#8243;][\/vc_column][vc_column width=&#8221;2\/3&#8243;][vc_column_text] A linha HANDY distingue-se pela sua vasta gama de modelos adequados para qualquer situa\u00e7\u00e3o. O sistema de controlo atrav\u00e9s da simples placa eletr\u00f3nica permite de configurar e controlar os tempos e as temperaturas de enxaguamento e descarga e os respetivos Termostop, fundamentais para garantir um \u00f3timo resultado de lavagem. Atrav\u00e9s do painel&hellip;<\/p>\n","protected":false},"author":1,"featured_media":0,"parent":705,"menu_order":0,"comment_status":"closed","ping_status":"closed","template":"tax-linea.php","meta":{"_acf_changed":false,"footnotes":""},"class_list":["post-748","page","type-page","status-publish","hentry","description-off"],"acf":[],"_links":{"self":[{"href":"https:\/\/www.thesisitalia.com\/pt-pt\/wp-json\/wp\/v2\/pages\/748","targetHints":{"allow":["GET"]}}],"collection":[{"href":"https:\/\/www.thesisitalia.com\/pt-pt\/wp-json\/wp\/v2\/pages"}],"about":[{"href":"https:\/\/www.thesisitalia.com\/pt-pt\/wp-json\/wp\/v2\/types\/page"}],"author":[{"embeddable":true,"href":"https:\/\/www.thesisitalia.com\/pt-pt\/wp-json\/wp\/v2\/users\/1"}],"replies":[{"embeddable":true,"href":"https:\/\/www.thesisitalia.com\/pt-pt\/wp-json\/wp\/v2\/comments?post=748"}],"version-history":[{"count":3,"href":"https:\/\/www.thesisitalia.com\/pt-pt\/wp-json\/wp\/v2\/pages\/748\/revisions"}],"predecessor-version":[{"id":1601,"href":"https:\/\/www.thesisitalia.com\/pt-pt\/wp-json\/wp\/v2\/pages\/748\/revisions\/1601"}],"up":[{"embeddable":true,"href":"https:\/\/www.thesisitalia.com\/pt-pt\/wp-json\/wp\/v2\/pages\/705"}],"wp:attachment":[{"href":"https:\/\/www.thesisitalia.com\/pt-pt\/wp-json\/wp\/v2\/media?parent=748"}],"curies":[{"name":"wp","href":"https:\/\/api.w.org\/{rel}","templated":true}]}}