	{"id":7439,"date":"2024-10-10T10:03:54","date_gmt":"2024-10-10T08:03:54","guid":{"rendered":"https:\/\/www.thesisitalia.com\/?page_id=7439"},"modified":"2025-04-04T12:14:26","modified_gmt":"2025-04-04T10:14:26","slug":"informativa-clienti-e-potenziali-clienti","status":"publish","type":"page","link":"https:\/\/www.thesisitalia.com\/pt-pt\/privacy-policy\/informativa-clienti-e-potenziali-clienti\/","title":{"rendered":"INFORMA\u00c7\u00d5ESSOBREOTRATAMENTODEDADOSPESSOAIS"},"content":{"rendered":"\n<p><strong><br><\/strong><\/p>\n\n\n\n<h4 class=\"wp-block-heading has-text-align-center\"><strong>INFORMA\u00c7\u00d5ES<\/strong><strong> <\/strong><strong>SOBRE<\/strong><strong> <\/strong><strong>O<\/strong><strong> <\/strong><strong>TRATAMENTO<\/strong><strong> <\/strong><strong>DE<\/strong><strong> <\/strong><strong>DADOS<\/strong><strong> <\/strong><strong>PESSOAIS<\/strong><strong><\/strong><\/h4>\n\n\n\n<p class=\"has-text-align-center\"><em>CLIENTES E POTENCIAIS CLIENTES<\/em><em><\/em><\/p>\n\n\n\n<p class=\"has-text-align-center\"><em>(Informa\u00e7\u00f5es nos termos dos artigos 13\u00ba e 14\u00ba do Regulamento (UE) 679\/2016, o chamado RGPD)<\/em><em><\/em><\/p>\n\n\n\n<p><\/p>\n\n\n\n<p>Apresentamos em seguida algumas informa\u00e7\u00f5es que devemos comunicar, n\u00e3o s\u00f3 para cumprir as obriga\u00e7\u00f5es legais, mas tamb\u00e9m porque a transpar\u00eancia e a equidade para com as pessoas em causa s\u00e3o uma parte fundamental da nossa atividade.<\/p>\n\n\n\n<p>A presente comunica\u00e7\u00e3o \u00e9 dirigida aos clientes e potenciais clientes da Krupps S.r.l.<\/p>\n\n\n\n<p><strong>Quem<\/strong><strong> <\/strong><strong>\u00e9<\/strong><strong> <\/strong><strong>o<\/strong><strong> <\/strong><strong>respons\u00e1vel<\/strong><strong> <\/strong><strong>pelo<\/strong><strong> <\/strong><strong>tratamento<\/strong><strong> <\/strong><strong>dos<\/strong><strong> <\/strong><strong>dados?<\/strong><strong><\/strong><\/p>\n\n\n\n<p>O respons\u00e1vel pelo tratamento dos seus dados pessoais \u00e9 a <strong>Krupps S.r.l. <\/strong>(P.iva IT04251180289), com sede social em Via Austria 19 &#8211; 35127, P\u00e1dua (PD) &#8211; It\u00e1lia, que \u00e9 respons\u00e1vel perante si pela utiliza\u00e7\u00e3o legal e correta dos seus dados pessoais e que pode contactar para qualquer informa\u00e7\u00e3o ou pedido atrav\u00e9s dos seguintes endere\u00e7os: 049 7625156, <a href=\"mailto:privacy@krupps.com\">privacy@krupps.com,<\/a> <a href=\"mailto:krupps@pec.it\">krupps@pec.it<\/a><\/p>\n\n\n\n<p><strong>Como posso contactar o respons\u00e1vel pela prote\u00e7\u00e3o de dados?<\/strong><strong><\/strong><\/p>\n\n\n\n<p>O respons\u00e1vel pela prote\u00e7\u00e3o de dados (RPD) pode ser contactado atrav\u00e9s dos seguintes endere\u00e7os: <a href=\"mailto:dpo@krupps.com\">dpo@krupps.com<\/a><\/p>\n\n\n\n<p><strong>Onde s\u00e3o recolhidos os dados?<\/strong><strong><\/strong><\/p>\n\n\n\n<p>Os dados tratados s\u00e3o comunicados pelo utilizador e\/ou por terceiros, tais como autoridades e organismos p\u00fablicos (por exemplo, a C\u00e2mara de Com\u00e9rcio) e\/ou recolhidos a partir de fontes acess\u00edveis ao p\u00fablico.<\/p>\n\n\n\n<p><strong>Que tratamento de dados \u00e9 efectuado?<\/strong> Os seus dados pessoais s\u00e3o recolhidos e tratados, por meios automatizados e n\u00e3o automatizados, conforme especificado abaixo<\/p>\n\n\n\n<p class=\"has-text-align-center\"><strong><strong>Gest\u00e3o de clientes<\/strong><\/strong><\/p>\n\n\n\n<figure class=\"wp-block-table\"><table><tbody><tr><td>Objetivo e base jur\u00eddica<\/td><td>\u00a0Gest\u00e3o de clientes, com base na execu\u00e7\u00e3o de um contrato e\/ou em medidas pr\u00e9-contratuais<br>Acompanhamento dos pedidos dos clientes ou dos clientes potenciais e tratamento dos cumprimentos pr\u00e9-contratuais ou contratuais, com base na execu\u00e7\u00e3o de um contrato e\/ou de<br>medidas pr\u00e9-contratuais<\/td><\/tr><tr><td>Categorias de<br>dados<\/td><td>Dados mestre, Dados mestre e de contacto, Dados de endere\u00e7o, Dados de pagamento, Dados de<br>compra ou de servi\u00e7o<\/td><\/tr><tr><td>Tempo de armazenamento<br>*<\/td><td>10 anos a partir do ano do contrato ou do termo do \u00faltimo contacto<\/td><\/tr><tr><td>Destinat\u00e1rios dos dados<\/td><td>Processadores de dados autorizados nomeados nos termos do artigo 29.\u00ba do Regulamento (UE) 2016\/679, processadores de dados nomeados nos termos do artigo 28.\u00ba do Regulamento (UE) 2016\/679 (ver registo dos processadores de dados), outras entidades para as quais a comunica\u00e7\u00e3o dos dados \u00e9 necess\u00e1ria para o cumprimento dos objectivos declarados do respons\u00e1vel pelo<br>tratamento de dados, bancos, seguros de cr\u00e9dito<\/td><\/tr><\/tbody><\/table><\/figure>\n\n\n\n<p class=\"has-text-align-center\"><strong>Servi\u00e7o ao cliente<\/strong><\/p>\n\n\n\n<figure class=\"wp-block-table\"><table><tbody><tr><td>Objetivo e base jur\u00eddica<\/td><td>\u00a0&#8211; Inqu\u00e9rito de satisfa\u00e7\u00e3o do cliente, com base na execu\u00e7\u00e3o de um contrato e\/ou em medidas pr\u00e9- contratuais<br>&#8211; Assist\u00eancia t\u00e9cnica aos clientes, com base na execu\u00e7\u00e3o de um contrato e\/ou de medidas pr\u00e9- contratuais<br>&#8211; Gest\u00e3o de clientes, com base na execu\u00e7\u00e3o de um contrato e\/ou em medidas pr\u00e9-contratuais<\/td><\/tr><tr><td>Categorias de<br>dados<\/td><td>Dados biogr\u00e1ficos, Dados de contacto, Dados de endere\u00e7o, Dados relativos a compras ou utiliza\u00e7\u00e3o<br>de servi\u00e7os, Dados de acesso e identifica\u00e7\u00e3o<\/td><\/tr><tr><td>Tempo de armazenamento<br>*<\/td><td>10 anos a partir do ano de rescis\u00e3o do \u00faltimo contrato<\/td><\/tr><tr><td>Destinat\u00e1rios dos dados<\/td><td>Pessoas autorizadas a tratar dados nomeadas nos termos do art. 29.\u00ba do Regulamento (UE) 2016\/679, subcontratantes nomeados nos termos do art. 28.\u00ba do Regulamento (UE) 2016\/679 (ver registo dos subcontratantes), outras pessoas para as quais a comunica\u00e7\u00e3o de dados \u00e9 necess\u00e1ria<br>para realizar os objectivos declarados do respons\u00e1vel pelo tratamento de dados<\/td><\/tr><\/tbody><\/table><\/figure>\n\n\n\n<p class=\"has-text-align-center\"><strong>Rece\u00e7\u00e3o<\/strong><\/p>\n\n\n\n<figure class=\"wp-block-table\"><table><tbody><tr><td>Objetivo e base jur\u00eddica<\/td><td>Controlo das pessoas que entram na empresa, com base num interesse leg\u00edtimo na prote\u00e7\u00e3o do patrim\u00f3nio da empresa, na seguran\u00e7a dos trabalhadores e nas exig\u00eancias organizacionais e de produ\u00e7\u00e3o<br>Filtragem de chamadas telef\u00f3nicas com base no interesse leg\u00edtimo em termos de necessidades<br>organizacionais e de produ\u00e7\u00e3o<\/td><\/tr><tr><td>Categorias de<br>dados<\/td><td>Dados biogr\u00e1ficos, dados de contacto, dados de endere\u00e7o, dados de documentos de<br>identifica\u00e7\u00e3o\/reconhecimento<\/td><\/tr><tr><td>Tempo de armazenamento<br>*<\/td><td>1 ano a partir do ano de aquisi\u00e7\u00e3o dos dados<\/td><\/tr><tr><td>Destinat\u00e1rios dos dados<\/td><td>Pessoas autorizadas a tratar dados nomeadas nos termos do artigo 29.\u00ba do Regulamento (UE) 2016\/679, subcontratantes nomeados nos termos do artigo 28.\u00ba do Regulamento (UE) 2016\/679 (ver registo dos subcontratantes), outras pessoas para as quais a comunica\u00e7\u00e3o dos dados \u00e9 necess\u00e1ria para a realiza\u00e7\u00e3o dos objectivos declarados do respons\u00e1vel pelo tratamento de dados, autoridades e<br>administra\u00e7\u00f5es p\u00fablicas relativamente \u00e0s quais existe uma obriga\u00e7\u00e3o legal de comunica\u00e7\u00e3o<\/td><\/tr><\/tbody><\/table><\/figure>\n\n\n\n<p class=\"has-text-align-center\"><strong><strong>Actividades de marketing e comunica\u00e7\u00e3o<\/strong><\/strong><\/p>\n\n\n\n<figure class=\"wp-block-table\"><table><tbody><tr><td>Objetivo e base<br>jur\u00eddica<\/td><td>&#8211; Marketing (an\u00e1lises de mercado e inqu\u00e9ritos), envio de material informativo e\/ou publicit\u00e1rio, com<br>base no consentimento da pessoa em causa**<\/td><\/tr><tr><td>Categorias de<br>dados<\/td><td>Dados pessoais, Dados de contacto, Dados de endere\u00e7o, Dados relativos a compras ou utiliza\u00e7\u00e3o de<br>servi\u00e7os, Dados de defini\u00e7\u00e3o de perfis<\/td><\/tr><tr><td>Tempo de armazenamento<br>*<\/td><td>At\u00e9 o consentimento ser revogado. Nesse caso, o tratamento limitar-se-\u00e1 \u00e0 mera conserva\u00e7\u00e3o durante 10 anos a partir do ano em que o consentimento foi revogado<\/td><\/tr><tr><td>Destinat\u00e1rios dos dados<\/td><td>Pessoas autorizadas a tratar dados nomeadas nos termos do artigo 29.\u00ba do Regulamento (UE) 2016\/679, subcontratantes nomeados nos termos do artigo 28.\u00ba do Regulamento (UE) 2016\/679 (ver registo dos subcontratantes), outras pessoas para quem a comunica\u00e7\u00e3o de dados \u00e9 necess\u00e1ria para<br>o cumprimento dos objectivos declarados do respons\u00e1vel pelo tratamento de dados<\/td><\/tr><\/tbody><\/table><\/figure>\n\n\n\n<p>**O consentimento \u00e9 sempre facultativo e pode ser retirado a qualquer momento, podendo o utilizador contactar o respons\u00e1vel pelo tratamento de dados atrav\u00e9s das informa\u00e7\u00f5es de contacto acima indicadas.<\/p>\n\n\n\n<p class=\"has-text-align-center\"><strong>Garantia<\/strong><\/p>\n\n\n\n<figure class=\"wp-block-table\"><table><tbody><tr><td>Objetivo e base jur\u00eddica<\/td><td>Permitir o exerc\u00edcio de direitos de garantia, com base na execu\u00e7\u00e3o de um contrato e\/ou medidas pr\u00e9-contratuais, obriga\u00e7\u00e3o legal<br>Permitir a ades\u00e3o a f\u00f3rmulas de garantia, baseadas na execu\u00e7\u00e3o de um contrato e\/ou em medidas<br>pr\u00e9-contratuais<\/td><\/tr><tr><td>Categorias de<br>dados<\/td><td>Dados biogr\u00e1ficos, Dados de contacto, Dados relativos a compras ou utiliza\u00e7\u00e3o de servi\u00e7os<\/td><\/tr><tr><td>Tempo de armazenamento*<\/td><td>10 anos a partir do ano em que o contrato deixa de produzir efeitos<\/td><\/tr><tr><td>Destinat\u00e1rios dos dados<\/td><td>Pessoas autorizadas a tratar dados nomeadas nos termos do artigo 29.\u00ba do Regulamento (UE) 2016\/679, subcontratantes nomeados nos termos do artigo 28.\u00ba do Regulamento (UE) 2016\/679 (ver registo dos subcontratantes), outras pessoas para quem a comunica\u00e7\u00e3o de dados \u00e9 necess\u00e1ria para<br>a realiza\u00e7\u00e3o dos objectivos declarados do respons\u00e1vel pelo tratamento de dados, bancos<\/td><\/tr><\/tbody><\/table><\/figure>\n\n\n\n<p class=\"has-text-align-center\"><strong><strong>Atividade comercial de venda e pr\u00e9-venda<\/strong><\/strong><\/p>\n\n\n\n<figure class=\"wp-block-table\"><table><tbody><tr><td>Objetivo e base<br>jur\u00eddica<\/td><td>\u00a0Actividades promocionais, baseadas na execu\u00e7\u00e3o de um contrato e\/ou medidas pr\u00e9-contratuais, interesse leg\u00edtimo em promover as suas actividades<br>Oferta de bens e servi\u00e7os, com base na execu\u00e7\u00e3o de um contrato e\/ou medidas pr\u00e9-contratuais,<br>interesse leg\u00edtimo em oferecer bens e servi\u00e7os<\/td><\/tr><tr><td>Categorias de<br>dados<\/td><td>Dados pessoais, Dados de contacto, Dados de endere\u00e7o, Dados relativos a compras ou utiliza\u00e7\u00e3o de<br>servi\u00e7os<\/td><\/tr><tr><td>Tempo di conservazione*<\/td><td>10 anos a partir do ano de acumula\u00e7\u00e3o<\/td><\/tr><tr><td>Destinat\u00e1rios dos dados<\/td><td>Pessoas autorizadas a tratar dados nomeadas nos termos do art. 29.\u00ba do Regulamento (UE) 2016\/679, subcontratantes nomeados nos termos do art. 28.\u00ba do Regulamento (UE) 2016\/679 (ver registo dos subcontratantes), outras pessoas para as quais a comunica\u00e7\u00e3o de dados \u00e9 necess\u00e1ria<br>para realizar os objectivos declarados do respons\u00e1vel pelo tratamento de dados<\/td><\/tr><\/tbody><\/table><\/figure>\n\n\n\n<p class=\"has-text-align-center\"><strong><strong>Controlo de gest\u00e3o<\/strong><\/strong><\/p>\n\n\n\n<figure class=\"wp-block-table\"><table><tbody><tr><td>Objetivo e base<br>jur\u00eddica<\/td><td>&#8211; Controlo interno de gest\u00e3o com base em interesses comerciais leg\u00edtimos<\/td><\/tr><tr><td>Categorias de<br>dados<\/td><td>Dados biogr\u00e1ficos, Dados de contacto, Dados de atividade<\/td><\/tr><tr><td>Tempo de armazenamento<br>*<\/td><td>10 anos a partir do ano de acumula\u00e7\u00e3o<\/td><\/tr><tr><td>Destinat\u00e1rios dos dados<\/td><td>Pessoas autorizadas a tratar dados nomeadas nos termos do art. 29.\u00ba do Regulamento (UE) 2016\/679, subcontratantes nomeados nos termos do art. 28.\u00ba do Regulamento (UE) 2016\/679 (ver registo dos subcontratantes), outras pessoas para as quais a comunica\u00e7\u00e3o de dados \u00e9 necess\u00e1ria<br>para realizar os objectivos declarados do respons\u00e1vel pelo tratamento de dados<\/td><\/tr><\/tbody><\/table><\/figure>\n\n\n\n<p class=\"has-text-align-center\"><strong><strong><strong>Contabilidade<\/strong><\/strong><\/strong><\/p>\n\n\n\n<figure class=\"wp-block-table\"><table><tbody><tr><td>Objetivo e base<br>jur\u00eddica<\/td><td>\u00a0Manuten\u00e7\u00e3o de registos contabil\u00edsticos, com base numa obriga\u00e7\u00e3o legal<br>Obriga\u00e7\u00f5es fiscais, com base numa obriga\u00e7\u00e3o legal<\/td><\/tr><tr><td>Categorias de<br>dados<\/td><td>Dados pessoais, dados de contacto, dados de endere\u00e7o, dados de pagamento, dados de emprego,<br>dados de compras ou servi\u00e7os<\/td><\/tr><tr><td>Tempo di consTempo de armazenamento<br>*<\/td><td>10 anos a partir do ano de rescis\u00e3o do \u00faltimo contrato<\/td><\/tr><tr><td>Destinat\u00e1rios dos dados<\/td><td>Pessoas autorizadas a tratar dados nomeadas nos termos do artigo 29.\u00ba do Regulamento (UE) 2016\/679, autoridades e administra\u00e7\u00f5es p\u00fablicas relativamente \u00e0s quais existe uma obriga\u00e7\u00e3o legal de comunica\u00e7\u00e3o, subcontratantes nomeados nos termos do artigo 28.\u00ba do Regulamento (UE) 2016\/679 (ver registo dos subcontratantes), outras pessoas para as quais a comunica\u00e7\u00e3o dos dados \u00e9 necess\u00e1ria para a realiza\u00e7\u00e3o dos objectivos declarados do respons\u00e1vel pelo tratamento de dados,<br>bancos<\/td><\/tr><\/tbody><\/table><\/figure>\n\n\n\n<p class=\"has-text-align-center\"><strong><strong>Fatura\u00e7\u00e3o e DDT<\/strong><\/strong><\/p>\n\n\n\n<figure class=\"wp-block-table\"><table><tbody><tr><td>Finalit\u00e0 e base giuridica<\/td><td>&#8211; Expedi\u00e7\u00e3o de documentos e mercadorias, com base na execu\u00e7\u00e3o de um contrato e\/ou de medidas<br>pr\u00e9-contratuais<\/td><\/tr><tr><td>Categorias de<br>dados<\/td><td>Dados principais e dados de contacto, Dados de endere\u00e7o<\/td><\/tr><tr><td>Tempo de armazenamento<br>*<\/td><td>10 anos a partir do ano de rescis\u00e3o do \u00faltimo contrato<\/td><\/tr><tr><td>Destinat\u00e1rios dos dados<\/td><td>Pessoas autorizadas a tratar dados nomeadas nos termos do art. 29.\u00ba do Regulamento (UE) 2016\/679, subcontratantes nomeados nos termos do art. 28.\u00ba do Regulamento (UE) 2016\/679 (ver registo dos subcontratantes), outras pessoas para as quais a comunica\u00e7\u00e3o de dados \u00e9 necess\u00e1ria para realizar os objectivos declarados do respons\u00e1vel pelo tratamento de dados<\/td><\/tr><\/tbody><\/table><\/figure>\n\n\n\n<p class=\"has-text-align-center\"><strong>Gest\u00e3o do alojamento<\/strong><strong><\/strong><\/p>\n\n\n\n<p class=\"has-text-align-center\"><\/p>\n\n\n\n<figure class=\"wp-block-table\"><table><tbody><tr><td>Objetivo e base<br>jur\u00eddica<\/td><td>&#8211; Organiza\u00e7\u00e3o do alojamento, com base na execu\u00e7\u00e3o de um contrato e\/ou de medidas pr\u00e9-<br>contratuais<\/td><\/tr><tr><td>Categorias de<br>dados<\/td><td>Dados pessoais, dados de contacto, dados de emprego, dados de documentos de<br>identifica\u00e7\u00e3o\/reconhecimento<\/td><\/tr><tr><td>Tempo de armazenamento<br>*<\/td><td>10 anos a partir do ano de organiza\u00e7\u00e3o<\/td><\/tr><tr><td>Destinat\u00e1rios dos dados<\/td><td>Processadores de dados autorizados nomeados nos termos do artigo 29.\u00ba do Regulamento (UE) 2016\/679, processadores de dados nomeados nos termos do artigo 28.\u00ba do Regulamento (UE) 2016\/679 (ver registo dos processadores de dados), instala\u00e7\u00f5es de alojamento, servi\u00e7os de transfer\u00eancia, outras entidades para as quais a comunica\u00e7\u00e3o dos dados \u00e9 necess\u00e1ria para a<br>realiza\u00e7\u00e3o dos objectivos declarados do respons\u00e1vel pelo tratamento de dados<\/td><\/tr><\/tbody><\/table><\/figure>\n\n\n\n<p class=\"has-text-align-center\"><strong><strong>Cria\u00e7\u00e3o e posterior publica\u00e7\u00e3o\/divulga\u00e7\u00e3o de conte\u00fados multim\u00e9dia<\/strong><\/strong><\/p>\n\n\n\n<figure class=\"wp-block-table\"><table><tbody><tr><td>Objetivo e base jur\u00eddica<\/td><td>Produ\u00e7\u00e3o de v\u00eddeos explicativos para apoio t\u00e9cnico, com base na execu\u00e7\u00e3o de um contrato e\/ou de medidas pr\u00e9-contratuais<br>Conhecimento da marca, com base no interesse leg\u00edtimo no reconhecimento da marca<br>Fins promocionais, com base no consentimento da pessoa em causa**<\/td><\/tr><tr><td>Categorias de<br>dados<\/td><td>Dati anagDados biogr\u00e1ficos, Dados de contacto, Conte\u00fado multim\u00e9dia (incluindo fotografias e v\u00eddeos)<\/td><\/tr><tr><td>Tempo de armazenamento<br>*<\/td><td>Os dados ser\u00e3o conservados, sob reserva de divulga\u00e7\u00e3o, at\u00e9 que o consentimento seja revogado ou que seja concedido um pedido expl\u00edcito de supress\u00e3o. Em qualquer caso, quando a finalidade para a qual os dados foram obtidos deixar de existir, ser\u00e3o apagados. No caso dos v\u00eddeos explicativos, os<br>dados ser\u00e3o conservados durante um per\u00edodo m\u00e1ximo de 10 anos ap\u00f3s a elimina\u00e7\u00e3o do v\u00eddeo.<\/td><\/tr><tr><td>Destinat\u00e1rios dos dados<\/td><td>Subcontratantes nomeados nos termos do artigo 28.\u00ba do Regulamento (UE) 2016\/679 (ver registo dos subcontratantes), outros sujeitos para os quais a comunica\u00e7\u00e3o de dados \u00e9 necess\u00e1ria para a realiza\u00e7\u00e3o dos objectivos declarados pelo respons\u00e1vel pelo tratamento de dados, Subcontratantes<br>autorizados nomeados nos termos do artigo 29.<\/td><\/tr><\/tbody><\/table><\/figure>\n\n\n\n<p>**O consentimento \u00e9 sempre facultativo e pode ser retirado a qualquer momento, podendo o utilizador contactar o respons\u00e1vel pelo tratamento utilizando as informa\u00e7\u00f5es de contacto acima indicadas.<\/p>\n\n\n\n<p>* Para al\u00e9m do tempo necess\u00e1rio para a acumula\u00e7\u00e3o de prazos prescricionais em rela\u00e7\u00e3o aos direitos rec\u00edprocos e ao tempo de conserva\u00e7\u00e3o das c\u00f3pias de seguran\u00e7a.<\/p>\n\n\n\n<p>Para al\u00e9m do acima exposto, no \u00e2mbito das actividades funcionais para a boa gest\u00e3o da organiza\u00e7\u00e3o, os seus dados pessoais ser\u00e3o tamb\u00e9m tratados por pessoal interno ou externo devidamente autorizado para os seguintes fins<\/p>\n\n\n\n<ol class=\"wp-block-list\">\n<li>a gest\u00e3o e a manuten\u00e7\u00e3o da rede e dos sistemas inform\u00e1ticos, quando o tratamento \u00e9 efectuado atrav\u00e9s de m\u00e9todos ainda que parcialmente automatizados (por exemplo, quando os dados passam pelos sistemas inform\u00e1ticos da Krupps S.r.l.), com base no interesse leg\u00edtimo na prote\u00e7\u00e3o dos mesmos e nas obriga\u00e7\u00f5es de seguran\u00e7a da informa\u00e7\u00e3o; os dados s\u00e3o armazenados de acordo com as implementa\u00e7\u00f5es de seguran\u00e7a e com o que est\u00e1 previsto para o tratamento principal de refer\u00eancia entre os acima descritos;<\/li>\n\n\n\n<li>gerir actividades de conformidade, incluindo a conformidade com a prote\u00e7\u00e3o de dados, conforme exigido por lei, de acordo com os per\u00edodos de reten\u00e7\u00e3o definidos para a principal opera\u00e7\u00e3o de tratamento em causa;<\/li>\n\n\n\n<li>para a preven\u00e7\u00e3o e dete\u00e7\u00e3o de abusos e para a defesa dos direitos e interesses do Respons\u00e1vel pelo Tratamento, conservando os dados at\u00e9 ao termo dos prazos de prescri\u00e7\u00e3o, exceto em caso de lit\u00edgio (caso em que os dados ser\u00e3o conservados at\u00e9 \u00e0 resolu\u00e7\u00e3o definitiva do lit\u00edgio), com base no interesse leg\u00edtimo do Respons\u00e1vel pelo Tratamento em proteger os seus direitos e interesses.<\/li>\n<\/ol>\n\n\n\n<p><strong>Existem processos automatizados?<\/strong><strong><\/strong><\/p>\n\n\n\n<p>O tratamento n\u00e3o se baseia em decis\u00f5es automatizadas.<\/p>\n\n\n\n<p><strong>O fornecimento de dados \u00e9 obrigat\u00f3rio?<\/strong><strong><\/strong><\/p>\n\n\n\n<p>Exceto para eventuais fins baseados no consentimento, o fornecimento dos seus dados \u00e9 um requisito necess\u00e1rio: o n\u00e3o fornecimento dos dados indicados como obrigat\u00f3rios pode ter consequ\u00eancias legais e contratuais. Por conseguinte, se o utilizador n\u00e3o fornecer os seus dados, poder\u00e1 n\u00e3o obter o resultado esperado ou obt\u00ea-lo apenas parcialmente.<\/p>\n\n\n\n<p><strong>Os dados s\u00e3o transferidos para fora da Uni\u00e3o Europeia?<\/strong><strong><\/strong><\/p>\n\n\n\n<p>O tratamento de dados pessoais (por exemplo, armazenamento, arquivamento e preserva\u00e7\u00e3o de dados nos seus pr\u00f3prios servidores ou na nuvem) ser\u00e1 circunscrito \u00e0s \u00e1reas de circula\u00e7\u00e3o e tratamento de dados pessoais dos pa\u00edses que fazem parte do Espa\u00e7o Econ\u00f3mico Europeu, com uma proibi\u00e7\u00e3o expressa de os transferir para pa\u00edses n\u00e3o pertencentes \u00e0 UE que n\u00e3o garantam (ou na aus\u00eancia de) um n\u00edvel de prote\u00e7\u00e3o adequado, ou, na aus\u00eancia dos instrumentos de prote\u00e7\u00e3o previstos no Regulamento da UE 2016\/679 (pa\u00eds terceiro considerado adequado pela Comiss\u00e3o Europeia, BCR do grupo, cl\u00e1usulas contratuais modelo, consentimento dos titulares dos dados, etc.).<\/p>\n\n\n\n<p><strong>Que direitos s\u00e3o reconhecidos?<\/strong><strong><\/strong><\/p>\n\n\n\n<ul class=\"wp-block-list\">\n<li>Tem o direito, em conformidade com os artigos 15.\u00ba e seguintes do Regulamento (UE) 2016\/679, de solicitar ao respons\u00e1vel pelo tratamento de dados o acesso aos seus dados pessoais, bem como a sua retifica\u00e7\u00e3o e o seu apagamento ou esquecimento;<\/li>\n\n\n\n<li>O utilizador tem tamb\u00e9m o direito de solicitar a portabilidade dos dados ou a limita\u00e7\u00e3o do seu tratamento;<\/li>\n\n\n\n<li>Tem o direito, por motivos relacionados com a sua situa\u00e7\u00e3o particular, de se opor ao tratamento de dados pessoais que lhe digam respeito com base em interesses leg\u00edtimos;<\/li>\n\n\n\n<li>Tem o direito de conhecer o conte\u00fado essencial de qualquer acordo de compropriedade assinado;<\/li>\n\n\n\n<li>No caso de tratamento com base no consentimento, o utilizador tem o direito de, a qualquer momento, retirar o seu consentimento, sem preju\u00edzo da legalidade do tratamento efectuado com base no consentimento dado antes da retirada;<\/li>\n\n\n\n<li>Pode tamb\u00e9m apresentar uma queixa junto da Autoridade Italiana para a Prote\u00e7\u00e3o de Dados, com sede em Piazza Venezia 11, 00187 &#8211; Roma &#8211; <a href=\"mailto:protocollo@pec.gdpd.it\">protocollo@pec.gdpd.it.<\/a><\/li>\n<\/ul>\n\n\n\n<p>Para exercer os seus direitos ou solicitar informa\u00e7\u00f5es adicionais, pode contactar o respons\u00e1vel pelo tratamento utilizando as informa\u00e7\u00f5es de contacto acima indicadas.<\/p>\n\n\n\n<p><strong>As informa\u00e7\u00f5es contidas neste aviso podem ser alteradas?<\/strong><strong><\/strong><\/p>\n\n\n\n<p>Reservamo-nos o direito de atualizar a nossa Pol\u00edtica de Privacidade. Notific\u00e1-lo-emos das altera\u00e7\u00f5es que considerarmos adequadas e actualizaremos a data nesta Pol\u00edtica de Privacidade. Por conseguinte, recomendamos que consulte periodicamente a nossa Pol\u00edtica de Privacidade, nomeadamente solicitando uma c\u00f3pia ao Controlador de Dados.<\/p>\n\n\n\n<p><em>\u00daltima atualiza\u00e7\u00e3o: 29\/11\/2024<\/em><em><\/em><\/p>\n","protected":false},"excerpt":{"rendered":"<p>INFORMA\u00c7\u00d5ES SOBRE O TRATAMENTO DE DADOS PESSOAIS CLIENTES E POTENCIAIS CLIENTES (Informa\u00e7\u00f5es nos termos dos artigos 13\u00ba e 14\u00ba do Regulamento (UE) 679\/2016, o chamado RGPD) Apresentamos em seguida algumas informa\u00e7\u00f5es que devemos comunicar, n\u00e3o s\u00f3 para cumprir as obriga\u00e7\u00f5es legais, mas tamb\u00e9m porque a transpar\u00eancia e a equidade para com as pessoas em causa&hellip;<\/p>\n","protected":false},"author":11725,"featured_media":0,"parent":7515,"menu_order":0,"comment_status":"closed","ping_status":"closed","template":"","meta":{"_acf_changed":false,"footnotes":""},"class_list":["post-7439","page","type-page","status-publish","hentry","description-off"],"acf":[],"_links":{"self":[{"href":"https:\/\/www.thesisitalia.com\/pt-pt\/wp-json\/wp\/v2\/pages\/7439","targetHints":{"allow":["GET"]}}],"collection":[{"href":"https:\/\/www.thesisitalia.com\/pt-pt\/wp-json\/wp\/v2\/pages"}],"about":[{"href":"https:\/\/www.thesisitalia.com\/pt-pt\/wp-json\/wp\/v2\/types\/page"}],"author":[{"embeddable":true,"href":"https:\/\/www.thesisitalia.com\/pt-pt\/wp-json\/wp\/v2\/users\/11725"}],"replies":[{"embeddable":true,"href":"https:\/\/www.thesisitalia.com\/pt-pt\/wp-json\/wp\/v2\/comments?post=7439"}],"version-history":[{"count":3,"href":"https:\/\/www.thesisitalia.com\/pt-pt\/wp-json\/wp\/v2\/pages\/7439\/revisions"}],"predecessor-version":[{"id":8324,"href":"https:\/\/www.thesisitalia.com\/pt-pt\/wp-json\/wp\/v2\/pages\/7439\/revisions\/8324"}],"up":[{"embeddable":true,"href":"https:\/\/www.thesisitalia.com\/pt-pt\/wp-json\/wp\/v2\/pages\/7515"}],"wp:attachment":[{"href":"https:\/\/www.thesisitalia.com\/pt-pt\/wp-json\/wp\/v2\/media?parent=7439"}],"curies":[{"name":"wp","href":"https:\/\/api.w.org\/{rel}","templated":true}]}}