	{"id":7425,"date":"2024-10-10T09:56:36","date_gmt":"2024-10-10T07:56:36","guid":{"rendered":"https:\/\/www.thesisitalia.com\/?page_id=7425"},"modified":"2025-03-31T16:26:54","modified_gmt":"2025-03-31T14:26:54","slug":"informativa-fornitori","status":"publish","type":"page","link":"https:\/\/www.thesisitalia.com\/pt-pt\/privacy-policy\/informativa-fornitori\/","title":{"rendered":"INFORMA\u00c7\u00d5ES SOBRE O TRATAMENTO DE DADOS PESSOAIS"},"content":{"rendered":"\n<p class=\"has-text-align-center\">INFORMA\u00c7\u00d5ES SOBRE O TRATAMENTO DE DADOS PESSOAIS <\/p>\n\n\n\n<p class=\"has-text-align-center\">FORNECEDORES<br>(Informa\u00e7\u00f5es nos termos dos artigos 13\u00ba e 14\u00ba do Regulamento (UE) 679\/2016, o chamado RGPD)<\/p>\n\n\n\n<p class=\"has-text-align-center\"><\/p>\n\n\n\n<p>Apresentamos em seguida algumas informa\u00e7\u00f5es que devemos comunicar, n\u00e3o s\u00f3 para cumprir as obriga\u00e7\u00f5es legais, mas tamb\u00e9m porque a transpar\u00eancia e a equidade para com as pessoas em causa s\u00e3o uma parte fundamental da nossa atividade.<br>Esta informa\u00e7\u00e3o \u00e9 dirigida aos empregados e fornecedores da Krupps S.r.l.<br><strong>Quem \u00e9 o respons\u00e1vel pelo tratamento dos dados?<\/strong><br>O respons\u00e1vel pelo tratamento dos seus dados pessoais \u00e9 a Krupps S.r.l. (P.iva IT04251180289), com sede social em Via Austria 19 &#8211; 35127, P\u00e1dua (PD) &#8211; It\u00e1lia, que \u00e9 respons\u00e1vel perante si pela utiliza\u00e7\u00e3o legal e correta dos seus dados pessoais e que pode contactar para qualquer informa\u00e7\u00e3o ou pedido atrav\u00e9s dos seguintes endere\u00e7os: 0497625156, privacy@krupps.com, krupps@pec.it<br><strong>Como posso contactar o respons\u00e1vel pela prote\u00e7\u00e3o de dados?<\/strong><br>O respons\u00e1vel pela prote\u00e7\u00e3o de dados (RPD) pode ser contactado atrav\u00e9s dos seguintes endere\u00e7os: dpo@krupps.com<br><strong>Onde s\u00e3o recolhidos os dados?<\/strong><br>Os dados s\u00e3o comunicados pelo utilizador e\/ou por terceiros, como outros fornecedores, e\/ou recolhidos a partir de fontes acess\u00edveis ao p\u00fablico.<br><strong>Que tratamento de dados \u00e9 efectuado?<\/strong><br>Os seus dados pessoais s\u00e3o recolhidos e processados, por meios automatizados e n\u00e3o automatizados, conforme especificado abaixo.<\/p>\n\n\n\n<p class=\"has-text-align-center\"><strong>Gest\u00e3o de fornecedores<\/strong><\/p>\n\n\n\n<figure class=\"wp-block-table\"><table><tbody><tr><td>Objetivo e base jur\u00eddica<\/td><td>\u00a0Estabelecimento e gest\u00e3o da rela\u00e7\u00e3o contratual, com base na execu\u00e7\u00e3o de um contrato e\/ou de medidas pr\u00e9-contratuais, obriga\u00e7\u00e3o legal<\/td><\/tr><tr><td>Categorias de dados<\/td><td>Dados biogr\u00e1ficos, Dados de contacto, Dados de endere\u00e7o, Dados de pagamento<\/td><\/tr><tr><td>Tempo de armazenamento*<\/td><td>10 anos a partir do ano de rescis\u00e3o do \u00faltimo contrato<\/td><\/tr><tr><td>Destinat\u00e1rios dos dados<\/td><td>Processadores de dados autorizados nomeados nos termos do art. 29.\u00ba do Reg. UE 2016\/679, autoridades e administra\u00e7\u00f5es p\u00fablicas em rela\u00e7\u00e3o \u00e0s quais existe uma obriga\u00e7\u00e3o legal de comunica\u00e7\u00e3o, processadores de dados nomeados nos termos do art. 28.\u00ba do Reg. UE 2016\/679 (ver registo dos processadores de dados), outras entidades para as quais a comunica\u00e7\u00e3o dos dados \u00e9 necess\u00e1ria para efeitos dos objectivos declarados do respons\u00e1vel pelo tratamento de dados, bancos<\/td><\/tr><\/tbody><\/table><\/figure>\n\n\n\n<p class=\"has-text-align-center\"><strong>Planeamento e controlo de actividades<\/strong><\/p>\n\n\n\n<figure class=\"wp-block-table\"><table><tbody><tr><td>Objetivo e base jur\u00eddica<\/td><td>\u00a0\u00a0Programa\u00e7\u00e3o de actividades, com base no interesse leg\u00edtimo do respons\u00e1vel pelo tratamento na realiza\u00e7\u00e3o de actividades comerciais<\/td><\/tr><tr><td>Categorias de dados<\/td><td>Dados biogr\u00e1ficos, Dados de contacto, Dados de emprego<\/td><\/tr><tr><td>Tempo de armazenamento*<\/td><td>10 anos a partir do ano de aquisi\u00e7\u00e3o dos dados<\/td><\/tr><tr><td>Destinat\u00e1rios dos dados<\/td><td>Pessoas autorizadas a tratar dados nomeadas nos termos do art. 29.\u00ba do Regulamento (UE) 2016\/679, subcontratantes nomeados nos termos do art. 28.\u00ba do Regulamento (UE) 2016\/679 (ver registo dos subcontratantes), outras pessoas para as quais a comunica\u00e7\u00e3o de dados \u00e9 necess\u00e1ria para realizar os objectivos declarados do respons\u00e1vel pelo tratamento de dados<\/td><\/tr><\/tbody><\/table><\/figure>\n\n\n\n<p class=\"has-text-align-center\"><strong>Controlo de gest\u00e3o<\/strong><\/p>\n\n\n\n<figure class=\"wp-block-table\"><table><tbody><tr><td>Objetivo e base jur\u00eddica<\/td><td>\u00a0Controlo interno de gest\u00e3o com base em interesses comerciais leg\u00edtimos<\/td><\/tr><tr><td>Categorias de dados<\/td><td>Dados biogr\u00e1ficos, Dados de contacto, Dados de atividade<\/td><\/tr><tr><td>Tempo de<br>armazenamento<br>*<\/td><td>10 anos a partir do ano de acumula\u00e7\u00e3o<\/td><\/tr><tr><td>Destinat\u00e1rios<br>dos dados<\/td><td>Pessoas autorizadas a tratar dados nomeadas nos termos do art. 29.\u00ba do Regulamento (UE) 2016\/679, subcontratantes nomeados nos termos do art. 28.\u00ba do Regulamento (UE) 2016\/679 (ver registo dos subcontratantes), outras pessoas para as quais a comunica\u00e7\u00e3o de dados \u00e9 necess\u00e1ria<br>para realizar os objectivos declarados do respons\u00e1vel pelo tratamento de dados<\/td><\/tr><\/tbody><\/table><\/figure>\n\n\n\n<p class=\"has-text-align-center\">Contabilidade<\/p>\n\n\n\n<figure class=\"wp-block-table\"><table><tbody><tr><td>Objetivo e base<br>jur\u00eddica<\/td><td>Manuten\u00e7\u00e3o de registos contabil\u00edsticos, com base numa obriga\u00e7\u00e3o legal<br>Obriga\u00e7\u00f5es fiscais, com base numa obriga\u00e7\u00e3o legal<\/td><\/tr><tr><td>Categorias de<br>dados<\/td><td>Dados pessoais, dados de contacto, dados de endere\u00e7o, dados de pagamento, dados de emprego,<br>dados de compras ou servi\u00e7os<\/td><\/tr><tr><td>Tempo de<br>armazenamento<br>*<\/td><td>10 anos a partir do ano de rescis\u00e3o do \u00faltimo contrato<\/td><\/tr><tr><td>Destinat\u00e1rios<br>dos dados<\/td><td>Processadores de dados autorizados nomeados nos termos do art. 29.\u00ba do Reg. UE 2016\/679, autoridades e administra\u00e7\u00f5es p\u00fablicas em rela\u00e7\u00e3o \u00e0s quais existe uma obriga\u00e7\u00e3o legal de<br>comunica\u00e7\u00e3o, processadores de dados nomeados nos termos do art. 28.\u00ba do Reg. UE 2016\/679 (ver registo dos processadores de dados), outras entidades para as quais a comunica\u00e7\u00e3o dos dados \u00e9<br>necess\u00e1ria para efeitos dos objectivos declarados do respons\u00e1vel pelo tratamento de dados, bancos<\/td><\/tr><\/tbody><\/table><\/figure>\n\n\n\n<p class=\"has-text-align-center\">Rece\u00e7\u00e3o e aceita\u00e7\u00e3o de mercadorias<\/p>\n\n\n\n<figure class=\"wp-block-table\"><table><tbody><tr><td>Objetivo e base<br>jur\u00eddica<\/td><td>\u00a0Aceita\u00e7\u00e3o de bens, com base na execu\u00e7\u00e3o de um contrato e\/ou de medidas pr\u00e9-contratuais<\/td><\/tr><tr><td>Categorias de<br>dados<\/td><td>Dados biogr\u00e1ficos, Dados de contacto, Dados de endere\u00e7o, Datas de pagamento<\/td><\/tr><tr><td>Tempo de<br>armazenamento<br>*<\/td><td>10 anos a partir do ano de acumula\u00e7\u00e3o<\/td><\/tr><tr><td>Destinat\u00e1rios<br>dos dados<\/td><td>Pessoas autorizadas a tratar dados nomeadas nos termos do art. 29.\u00ba do Regulamento (UE) 2016\/679, subcontratantes nomeados nos termos do art. 28.\u00ba do Regulamento (UE) 2016\/679 (ver<br>registo dos subcontratantes), outras pessoas para as quais a comunica\u00e7\u00e3o de dados \u00e9 necess\u00e1ria para realizar os objectivos declarados do respons\u00e1vel pelo tratamento de dados<\/td><\/tr><\/tbody><\/table><\/figure>\n\n\n\n<p class=\"has-text-align-center\">Gest\u00e3o de compras<\/p>\n\n\n\n<figure class=\"wp-block-table\"><table><tbody><tr><td>Objetivo e base<br>jur\u00eddica<\/td><td>\u00a0Aquisi\u00e7\u00e3o de bens ou servi\u00e7os, com base na execu\u00e7\u00e3o de um contrato e\/ou de medidas pr\u00e9contratuais<\/td><\/tr><tr><td>Categorias de<br>dados<\/td><td>Dados biogr\u00e1ficos, Dados de contacto, Dados de endere\u00e7o, Dados de pagamento<\/td><\/tr><tr><td>Tempo de<br>armazenamento<br>*<\/td><td>10 anos a partir do ano de acumula\u00e7\u00e3o<\/td><\/tr><tr><td>Destinat\u00e1rios<br>dos dados<\/td><td>Pessoas autorizadas a tratar dados nomeadas nos termos do art. 29.\u00ba do Regulamento (UE) 2016\/679, subcontratantes nomeados nos termos do art. 28.\u00ba do Regulamento (UE) 2016\/679 (ver<br>registo dos subcontratantes), outras pessoas para as quais a comunica\u00e7\u00e3o de dados \u00e9 necess\u00e1ria para realizar os objectivos declarados do respons\u00e1vel pelo tratamento de dados<\/td><\/tr><\/tbody><\/table><\/figure>\n\n\n\n<p class=\"has-text-align-center\">Actividades de marketing e comunica\u00e7\u00e3o<\/p>\n\n\n\n<figure class=\"wp-block-table\"><table><tbody><tr><td>Objetivo e base<br>jur\u00eddica<\/td><td>\u00a0Marketing (an\u00e1lises de mercado e inqu\u00e9ritos), envio de material informativo e\/ou publicit\u00e1rio, com base no consentimento da pessoa em causa**<\/td><\/tr><tr><td>Categorias de<br>dados<\/td><td>Dados pessoais, Dados de contacto, Dados de endere\u00e7o, Dados relativos a compras ou utiliza\u00e7\u00e3o de<br>servi\u00e7os, Dados de defini\u00e7\u00e3o de perfis<\/td><\/tr><tr><td>Tempo de<br>armazenamento<br>*<\/td><td>At\u00e9 o consentimento ser revogado. Nesse caso, o tratamento limitar-se-\u00e1 \u00e0 mera conserva\u00e7\u00e3o<br>durante 10 anos a partir do ano em que o consentimento foi revogado<\/td><\/tr><tr><td>Destinat\u00e1rios<br>dos dados<\/td><td>Pessoas autorizadas a tratar dados nomeadas nos termos do artigo 29.\u00ba do Regulamento (UE) 2016\/679, subcontratantes nomeados nos termos do artigo 28.\u00ba do Regulamento (UE) 2016\/679 (ver<br>registo dos subcontratantes), outras pessoas para quem a comunica\u00e7\u00e3o de dados \u00e9 necess\u00e1ria para o cumprimento dos objectivos declarados do respons\u00e1vel pelo tratamento de dados<\/td><\/tr><\/tbody><\/table><\/figure>\n\n\n\n<p>**O fornecimento de consentimento \u00e9 sempre opcional e pode ser revogado a qualquer momento, podendo contactar o Controlador de Dados atrav\u00e9s das informa\u00e7\u00f5es de contacto acima.<\/p>\n\n\n\n<p class=\"has-text-align-center\"><strong>Rece\u00e7\u00e3o<\/strong><\/p>\n\n\n\n<figure class=\"wp-block-table\"><table><tbody><tr><td>Objetivo e base jur\u00eddica<\/td><td>\u00a0\u00a0-Controlar as pessoas que entram na empresa, com base num interesse leg\u00edtimo na prote\u00e7\u00e3o dos bens da empresa, na seguran\u00e7a dos trabalhadores e nos requisitos organizacionais e de produ\u00e7\u00e3o<br>Filtragem de chamadas telef\u00f3nicas com base no interesse leg\u00edtimo em termos de necessidades organizacionais e de produ\u00e7\u00e3o<\/td><\/tr><tr><td>Categorias de dados<\/td><td>Dados biogr\u00e1ficos, dados de contacto, dados de endere\u00e7o, dados de documentos de identifica\u00e7\u00e3o\/reconhecimento<\/td><\/tr><tr><td>Tempo de armazenamento*<\/td><td>1ano a partir do ano de aquisi\u00e7\u00e3o dos dados<\/td><\/tr><tr><td>Destinat\u00e1rios dos dados<\/td><td>Pessoas autorizadas a tratar dados nomeadas nos termos do artigo 29.\u00ba do Regulamento (UE) 2016\/679, subcontratantes nomeados nos termos do artigo 28.\u00ba do Regulamento (UE) 2016\/679 (ver Registo de subcontratantes), outras pessoas para as quais a comunica\u00e7\u00e3o de dados \u00e9 necess\u00e1ria para a realiza\u00e7\u00e3o dos objectivos declarados do respons\u00e1vel pelo tratamento de dados, autoridades e administra\u00e7\u00f5es p\u00fablicas relativamente \u00e0s quais existe uma obriga\u00e7\u00e3o legal de comunica\u00e7\u00e3o<\/td><\/tr><\/tbody><\/table><\/figure>\n\n\n\n<p class=\"has-text-align-center\">Gest\u00e3o do alojamento<\/p>\n\n\n\n<figure class=\"wp-block-table\"><table><tbody><tr><td>Objetivo e base jur\u00eddica<\/td><td>\u00a0Organiza\u00e7\u00e3o do alojamento, com base na execu\u00e7\u00e3o de um contrato e\/ou de medidas pr\u00e9-contratuais<\/td><\/tr><tr><td>Categorias de dados<\/td><td>Dados pessoais, dados de contacto, dados de emprego, dados de documentos de identifica\u00e7\u00e3o\/reconhecimento<\/td><\/tr><tr><td>Tempo de armazenamento*<\/td><td>10 anos a partir do ano de organiza\u00e7\u00e3o<\/td><\/tr><tr><td>Destinat\u00e1rios dos dados<\/td><td>Processadores de dados autorizados nomeados nos termos do artigo 29.\u00ba do Regulamento (UE) 2016\/679, processadores de dados nomeados nos termos do artigo 28.\u00ba do Regulamento (UE) 2016\/679 (ver registo dos processadores de dados), instala\u00e7\u00f5es de alojamento, servi\u00e7os de transfer\u00eancia, outras entidades para as quais a comunica\u00e7\u00e3o dos dados \u00e9 necess\u00e1ria para a realiza\u00e7\u00e3o dos objectivos declarados do respons\u00e1vel pelo tratamento de dados<\/td><\/tr><\/tbody><\/table><\/figure>\n\n\n\n<p>Para al\u00e9m do tempo necess\u00e1rio para a acumula\u00e7\u00e3o de prazos prescricionais em rela\u00e7\u00e3o aos direitos rec\u00edprocos e ao tempo de conserva\u00e7\u00e3o das c\u00f3pias de seguran\u00e7a.<br>Para al\u00e9m do acima exposto, no \u00e2mbito das actividades funcionais para a boa gest\u00e3o da organiza\u00e7\u00e3o, os seus dados pessoais ser\u00e3o tamb\u00e9m tratados por pessoal interno ou externo devidamente autorizado para os seguintes fins<br>1) a gest\u00e3o e a manuten\u00e7\u00e3o da rede e dos sistemas inform\u00e1ticos, quando o tratamento \u00e9 efectuado atrav\u00e9s de m\u00e9todos ainda que parcialmente automatizados (por exemplo, quando os dados passam pelos sistemas inform\u00e1ticos da Krupps S.r.l.), com base no interesse leg\u00edtimo na prote\u00e7\u00e3o dos mesmos e nas obriga\u00e7\u00f5es de seguran\u00e7a da informa\u00e7\u00e3o; os dados s\u00e3o armazenados de acordo com as implementa\u00e7\u00f5es de seguran\u00e7a e com o que est\u00e1 previsto para o tratamento principal de refer\u00eancia entre os acima descritos;<br>2) gerir actividades de conformidade, incluindo a conformidade com a prote\u00e7\u00e3o de dados, conforme exigido por lei, de acordo com os per\u00edodos de reten\u00e7\u00e3o definidos para a principal opera\u00e7\u00e3o de tratamento em causa;<br>3) para a preven\u00e7\u00e3o e dete\u00e7\u00e3o de abusos e para a defesa dos direitos e interesses do Respons\u00e1vel pelo Tratamento, conservando os dados at\u00e9 ao termo dos prazos de prescri\u00e7\u00e3o, exceto em caso de lit\u00edgio (caso em que os dados ser\u00e3o conservados at\u00e9 \u00e0 resolu\u00e7\u00e3o definitiva do lit\u00edgio), com base no interesse leg\u00edtimo do Respons\u00e1vel pelo Tratamento em proteger os seus direitos e interesses.<br>Existem processos automatizados?<br>O tratamento n\u00e3o se baseia em decis\u00f5es automatizadas.<br>O fornecimento de dados \u00e9 obrigat\u00f3rio?<br>Exceto para eventuais fins baseados no consentimento, o fornecimento dos seus dados \u00e9 um requisito necess\u00e1rio: o n\u00e3o fornecimento dos dados indicados como obrigat\u00f3rios pode ter consequ\u00eancias legais e contratuais. Por conseguinte, se o utilizador n\u00e3o fornecer os seus dados, poder\u00e1 n\u00e3o obter o resultado esperado ou obt\u00ea-lo apenas parcialmente.<br>Os dados s\u00e3o transferidos para fora da Uni\u00e3o Europeia?<br>O tratamento de dados pessoais (por exemplo, armazenamento, arquivamento e preserva\u00e7\u00e3o de dados nos seus pr\u00f3prios servidores ou na nuvem) ser\u00e1 circunscrito \u00e0s \u00e1reas de circula\u00e7\u00e3o e tratamento de dados pessoais dos pa\u00edses que fazem parte do Espa\u00e7o Econ\u00f3mico Europeu, com uma proibi\u00e7\u00e3o expressa de os transferir para pa\u00edses n\u00e3o pertencentes \u00e0 UE que n\u00e3o garantam (ou na aus\u00eancia de) um n\u00edvel de prote\u00e7\u00e3o adequado, ou, na aus\u00eancia dos instrumentos de prote\u00e7\u00e3o previstos no<br>Regulamento da UE 2016\/679 (pa\u00eds terceiro considerado adequado pela Comiss\u00e3o Europeia, BCR do grupo, cl\u00e1usulas contratuais modelo, consentimento dos titulares dos dados, etc.).<br>Que direitos s\u00e3o reconhecidos?<br>\u25cf Tem o direito, em conformidade com os artigos 15.\u00ba e seguintes do Regulamento (UE) 2016\/679, de solicitar ao respons\u00e1vel pelo tratamento de dados o acesso aos seus dados pessoais, bem como a sua retifica\u00e7\u00e3o e o seu apagamento ou esquecimento;<br>\u25cf O utilizador tem tamb\u00e9m o direito de solicitar a portabilidade dos dados ou a limita\u00e7\u00e3o do seu tratamento;<br>\u25cf Tem o direito, por motivos relacionados com a sua situa\u00e7\u00e3o particular, de se opor ao tratamento de dados pessoais que lhe digam respeito com base em interesses leg\u00edtimos;<br>\u25cf Tem o direito de conhecer o conte\u00fado essencial de qualquer acordo de compropriedade assinado;<br>\u25cf No caso de tratamento com base no consentimento, o utilizador tem o direito de, a qualquer momento, retirar o seu consentimento, sem preju\u00edzo da legalidade do tratamento efectuado com base no consentimento dado antes da retirada;<br>\u25cf Pode tamb\u00e9m apresentar uma queixa junto da Autoridade Italiana para a Prote\u00e7\u00e3o de Dados, com sede em Piazza Venezia 11, 00187 &#8211; Roma &#8211; protocollo@pec.gdpd.it.<br>Para exercer os seus direitos ou solicitar informa\u00e7\u00f5es adicionais, pode contactar o respons\u00e1vel pelo tratamento utilizando as informa\u00e7\u00f5es de contacto acima indicadas.<br>As informa\u00e7\u00f5es contidas neste aviso podem ser alteradas?<br>Reservamo-nos o direito de atualizar a nossa Pol\u00edtica de Privacidade. Notific\u00e1-lo-emos das altera\u00e7\u00f5es que considerarmos adequadas e actualizaremos a data nesta Pol\u00edtica de Privacidade. Por conseguinte, recomendamos que consulte periodicamente a nossa Pol\u00edtica de Privacidade, nomeadamente solicitando uma c\u00f3pia ao Controlador de Dados.<br>\u00daltima atualiza\u00e7\u00e3o: 29\/11\/2024<\/p>\n","protected":false},"excerpt":{"rendered":"<p>INFORMA\u00c7\u00d5ES SOBRE O TRATAMENTO DE DADOS PESSOAIS FORNECEDORES(Informa\u00e7\u00f5es nos termos dos artigos 13\u00ba e 14\u00ba do Regulamento (UE) 679\/2016, o chamado RGPD) Apresentamos em seguida algumas informa\u00e7\u00f5es que devemos comunicar, n\u00e3o s\u00f3 para cumprir as obriga\u00e7\u00f5es legais, mas tamb\u00e9m porque a transpar\u00eancia e a equidade para com as pessoas em causa s\u00e3o uma parte fundamental&hellip;<\/p>\n","protected":false},"author":11725,"featured_media":0,"parent":7515,"menu_order":0,"comment_status":"closed","ping_status":"closed","template":"","meta":{"_acf_changed":false,"footnotes":""},"class_list":["post-7425","page","type-page","status-publish","hentry","description-off"],"acf":[],"_links":{"self":[{"href":"https:\/\/www.thesisitalia.com\/pt-pt\/wp-json\/wp\/v2\/pages\/7425","targetHints":{"allow":["GET"]}}],"collection":[{"href":"https:\/\/www.thesisitalia.com\/pt-pt\/wp-json\/wp\/v2\/pages"}],"about":[{"href":"https:\/\/www.thesisitalia.com\/pt-pt\/wp-json\/wp\/v2\/types\/page"}],"author":[{"embeddable":true,"href":"https:\/\/www.thesisitalia.com\/pt-pt\/wp-json\/wp\/v2\/users\/11725"}],"replies":[{"embeddable":true,"href":"https:\/\/www.thesisitalia.com\/pt-pt\/wp-json\/wp\/v2\/comments?post=7425"}],"version-history":[{"count":4,"href":"https:\/\/www.thesisitalia.com\/pt-pt\/wp-json\/wp\/v2\/pages\/7425\/revisions"}],"predecessor-version":[{"id":8302,"href":"https:\/\/www.thesisitalia.com\/pt-pt\/wp-json\/wp\/v2\/pages\/7425\/revisions\/8302"}],"up":[{"embeddable":true,"href":"https:\/\/www.thesisitalia.com\/pt-pt\/wp-json\/wp\/v2\/pages\/7515"}],"wp:attachment":[{"href":"https:\/\/www.thesisitalia.com\/pt-pt\/wp-json\/wp\/v2\/media?parent=7425"}],"curies":[{"name":"wp","href":"https:\/\/api.w.org\/{rel}","templated":true}]}}