	{"id":726,"date":"2017-09-30T07:39:19","date_gmt":"2017-09-30T05:39:19","guid":{"rendered":"http:\/\/thesisitalia.com\/catalogo\/ecology-line\/"},"modified":"2017-10-24T11:12:04","modified_gmt":"2017-10-24T09:12:04","slug":"ecology-line","status":"publish","type":"page","link":"https:\/\/www.thesisitalia.com\/pt-pt\/catalogo\/ecology-line\/","title":{"rendered":"ECOLOGY line"},"content":{"rendered":"<div class=\"wpb-content-wrapper\"><p>[vc_row][vc_column width=&#8221;1\/3&#8243;]<div class=\"dt-fancy-separator title-left h1-size style-disabled\" style=\"width: 100%;\"><div class=\"dt-fancy-title\" style=\"color: #00a769;\"><span class=\"separator-holder separator-left\"><\/span>ECOLOGY line<span class=\"separator-holder separator-right\"><\/span><\/div><\/div>[\/vc_column][vc_column width=&#8221;2\/3&#8243;][vc_column_text]As m\u00e1quinas de lavar lou\u00e7a da linha <strong>ECOLOGY <\/strong>garantem o m\u00e1ximo desempenho gra\u00e7as ao\u00a0<em><strong>Acquatech System<\/strong><\/em>\u00a0\u00a0<strong>instalado de s\u00e9rie que, atrav\u00e9s de uma caldeira atmosf\u00e9rica e uma bomba de enxaguamento, mant\u00e9m<\/strong>\u00a0a temperatura e a press\u00e3o sempre constantes e consumos de \u00e1gua ideais. Elitech garante um ciclo de\u00a0<strong>enxaguamento sanitizante<\/strong>\u00a0e demonstra-se a escolha perfeita para refeit\u00f3rios, casas de repouso, pastelarias, padarias e talhos, onde \u00e9 fundamental respeitar as regras HACCP. Para quem procura a perfei\u00e7\u00e3o do copo \u00e9 poss\u00edvel ligar um Sistema de Osmose Inversa que purifica a \u00e1gua e reduz os consumos de detergente e abrilhantador, garantindo\u00a0<strong>resultados excelentes e copos perfeitos sem a necessidade de secagem manual<\/strong>.[\/vc_column_text][\/vc_column][\/vc_row]<\/p>\n<\/div>","protected":false},"excerpt":{"rendered":"<p>[vc_row][vc_column width=&#8221;1\/3&#8243;][\/vc_column][vc_column width=&#8221;2\/3&#8243;][vc_column_text]As m\u00e1quinas de lavar lou\u00e7a da linha ECOLOGY garantem o m\u00e1ximo desempenho gra\u00e7as ao\u00a0Acquatech System\u00a0\u00a0instalado de s\u00e9rie que, atrav\u00e9s de uma caldeira atmosf\u00e9rica e uma bomba de enxaguamento, mant\u00e9m\u00a0a temperatura e a press\u00e3o sempre constantes e consumos de \u00e1gua ideais. Elitech garante um ciclo de\u00a0enxaguamento sanitizante\u00a0e demonstra-se a escolha perfeita para refeit\u00f3rios, casas&hellip;<\/p>\n","protected":false},"author":1,"featured_media":0,"parent":705,"menu_order":0,"comment_status":"closed","ping_status":"closed","template":"tax-linea.php","meta":{"_acf_changed":false,"footnotes":""},"class_list":["post-726","page","type-page","status-publish","hentry","description-off"],"acf":[],"_links":{"self":[{"href":"https:\/\/www.thesisitalia.com\/pt-pt\/wp-json\/wp\/v2\/pages\/726","targetHints":{"allow":["GET"]}}],"collection":[{"href":"https:\/\/www.thesisitalia.com\/pt-pt\/wp-json\/wp\/v2\/pages"}],"about":[{"href":"https:\/\/www.thesisitalia.com\/pt-pt\/wp-json\/wp\/v2\/types\/page"}],"author":[{"embeddable":true,"href":"https:\/\/www.thesisitalia.com\/pt-pt\/wp-json\/wp\/v2\/users\/1"}],"replies":[{"embeddable":true,"href":"https:\/\/www.thesisitalia.com\/pt-pt\/wp-json\/wp\/v2\/comments?post=726"}],"version-history":[{"count":1,"href":"https:\/\/www.thesisitalia.com\/pt-pt\/wp-json\/wp\/v2\/pages\/726\/revisions"}],"predecessor-version":[{"id":727,"href":"https:\/\/www.thesisitalia.com\/pt-pt\/wp-json\/wp\/v2\/pages\/726\/revisions\/727"}],"up":[{"embeddable":true,"href":"https:\/\/www.thesisitalia.com\/pt-pt\/wp-json\/wp\/v2\/pages\/705"}],"wp:attachment":[{"href":"https:\/\/www.thesisitalia.com\/pt-pt\/wp-json\/wp\/v2\/media?parent=726"}],"curies":[{"name":"wp","href":"https:\/\/api.w.org\/{rel}","templated":true}]}}