	{"id":766,"date":"2017-09-30T07:40:19","date_gmt":"2017-09-30T05:40:19","guid":{"rendered":"http:\/\/thesisitalia.com\/catalogue\/steel-line\/"},"modified":"2017-10-24T11:55:14","modified_gmt":"2017-10-24T09:55:14","slug":"steel-line","status":"publish","type":"page","link":"https:\/\/www.thesisitalia.com\/fr\/catalogue\/steel-line\/","title":{"rendered":"STEEL line"},"content":{"rendered":"<div class=\"wpb-content-wrapper\"><p>[vc_row][vc_column width=\u00a0\u00bb1\/3&Prime;]<div class=\"dt-fancy-separator title-left h1-size style-disabled\" style=\"width: 100%;\"><div class=\"dt-fancy-title\" style=\"color: #a7cd3a;\"><span class=\"separator-holder separator-left\"><\/span>STEEL line<span class=\"separator-holder separator-right\"><\/span><\/div><\/div>[\/vc_column][vc_column width=\u00a0\u00bb2\/3&Prime;][vc_column_text]Les mod\u00e8les de la ligne <strong>STEEL <\/strong>sont dot\u00e9s d\u2019un\u00a0<strong>adoucisseur automatique<\/strong>, offrant la possibilit\u00e9 de combattre la formation de calcaire avec efficacit\u00e9. L\u2019adoucisseur est en effet compl\u00e8tement\u00a0<strong>autonome<\/strong>, il r\u00e8gle automatiquement ses intervalles de r\u00e9g\u00e9n\u00e9ration en fonction de la duret\u00e9 de l\u2019eau entrant; il vous suffit de remplir le r\u00e9servoir de sel d\u00e8s qu\u2019appara\u00eet le message \u00ab\u00a0Manque de sel\u00a0\u00bb (absence de sel) \u00e0 l\u2019\u00e9cran. La r\u00e9g\u00e9n\u00e9ration des r\u00e9sines survient lors des cycles de lavage, il n\u2019est donc pas n\u00e9cessaire de mettre la machine \u00e0 l\u2019arr\u00eat.[\/vc_column_text][\/vc_column][\/vc_row]<\/p>\n<\/div>","protected":false},"excerpt":{"rendered":"<p>[vc_row][vc_column width=\u00a0\u00bb1\/3&Prime;][\/vc_column][vc_column width=\u00a0\u00bb2\/3&Prime;][vc_column_text]Les mod\u00e8les de la ligne STEEL sont dot\u00e9s d\u2019un\u00a0adoucisseur automatique, offrant la possibilit\u00e9 de combattre la formation de calcaire avec efficacit\u00e9. L\u2019adoucisseur est en effet compl\u00e8tement\u00a0autonome, il r\u00e8gle automatiquement ses intervalles de r\u00e9g\u00e9n\u00e9ration en fonction de la duret\u00e9 de l\u2019eau entrant; il vous suffit de remplir le r\u00e9servoir de sel d\u00e8s qu\u2019appara\u00eet le&hellip;<\/p>\n","protected":false},"author":1,"featured_media":0,"parent":698,"menu_order":0,"comment_status":"closed","ping_status":"closed","template":"tax-linea.php","meta":{"_acf_changed":false,"footnotes":""},"class_list":["post-766","page","type-page","status-publish","hentry","description-off"],"acf":[],"_links":{"self":[{"href":"https:\/\/www.thesisitalia.com\/fr\/wp-json\/wp\/v2\/pages\/766","targetHints":{"allow":["GET"]}}],"collection":[{"href":"https:\/\/www.thesisitalia.com\/fr\/wp-json\/wp\/v2\/pages"}],"about":[{"href":"https:\/\/www.thesisitalia.com\/fr\/wp-json\/wp\/v2\/types\/page"}],"author":[{"embeddable":true,"href":"https:\/\/www.thesisitalia.com\/fr\/wp-json\/wp\/v2\/users\/1"}],"replies":[{"embeddable":true,"href":"https:\/\/www.thesisitalia.com\/fr\/wp-json\/wp\/v2\/comments?post=766"}],"version-history":[{"count":1,"href":"https:\/\/www.thesisitalia.com\/fr\/wp-json\/wp\/v2\/pages\/766\/revisions"}],"predecessor-version":[{"id":767,"href":"https:\/\/www.thesisitalia.com\/fr\/wp-json\/wp\/v2\/pages\/766\/revisions\/767"}],"up":[{"embeddable":true,"href":"https:\/\/www.thesisitalia.com\/fr\/wp-json\/wp\/v2\/pages\/698"}],"wp:attachment":[{"href":"https:\/\/www.thesisitalia.com\/fr\/wp-json\/wp\/v2\/media?parent=766"}],"curies":[{"name":"wp","href":"https:\/\/api.w.org\/{rel}","templated":true}]}}