	{"id":7421,"date":"2024-10-10T09:56:36","date_gmt":"2024-10-10T07:56:36","guid":{"rendered":"https:\/\/www.thesisitalia.com\/?page_id=7421"},"modified":"2025-03-31T11:58:32","modified_gmt":"2025-03-31T09:58:32","slug":"informativa-fornitori","status":"publish","type":"page","link":"https:\/\/www.thesisitalia.com\/fr\/privacy-policies\/informativa-fornitori\/","title":{"rendered":"INFORMATIONS SUR LE TRAITEMENT DES DONN\u00c9ES PERSONNELLES"},"content":{"rendered":"\n<p class=\"has-text-align-center\"><strong>INFORMATIONS SUR LE TRAITEMENT DES DONN\u00c9ES PERSONNELLES<br><\/strong><em>DES FOURNISSEURS<\/em><br><em>(Informations conform\u00e9ment \u00e0 l&rsquo;art. 13 et \u00e0 l&rsquo;art. 14<\/em> <em>du R\u00e8glement (UE) 679\/2016, dit. RGPD)<\/em><\/p>\n\n\n\n<p>Nous vous pr\u00e9sentons ci-dessous quelques informations que vous devez porter \u00e0 votre attention, non seulement pour respecter les obligations l\u00e9gales, mais aussi parce que la transparence et l&rsquo;\u00e9quit\u00e9 envers les parties int\u00e9ress\u00e9es sont un \u00e9l\u00e9ment fondamental de notre activit\u00e9.<\/p>\n\n\n\n<p>Ces informations sont destin\u00e9es aux collaborateurs et fournisseurs de Krupps Srl.<\/p>\n\n\n\n<p><strong>Qui est le responsable du traitement des donn\u00e9es ?<\/strong><\/p>\n\n\n\n<p>Le responsable du traitement de vos donn\u00e9es personnelles est <strong>Krupps Srl <\/strong>(num\u00e9ro de TVA IT04251180289), dont le si\u00e8ge social est situ\u00e9 Via Austria 19 &#8211; 35127, Padoue (PD) &#8211; Italie, responsable envers vous de l&rsquo;utilisation l\u00e9gitime et correcte de vos donn\u00e9es personnelles et que vous pouvez contact pour toute information ou demande aux num\u00e9ros suivants : 0497625156, Privacy@krupps.com, krupps@pec.it<\/p>\n\n\n\n<p><strong>Comment contacter le d\u00e9l\u00e9gu\u00e9 \u00e0 la protection des donn\u00e9es ?<\/strong><\/p>\n\n\n\n<p>Le d\u00e9l\u00e9gu\u00e9 \u00e0 la protection des donn\u00e9es (DPO) peut \u00eatre contact\u00e9 aux adresses suivantes : dpo@krupps.com<\/p>\n\n\n\n<p><strong>O\u00f9 les donn\u00e9es sont-elles collect\u00e9es ?<\/strong><\/p>\n\n\n\n<p>Les donn\u00e9es sont communiqu\u00e9es par vous et\/ou par des tiers tels que d&rsquo;autres fournisseurs et\/ou collect\u00e9es \u00e0 partir de sources accessibles au public.<\/p>\n\n\n\n<p><strong>Quels traitements de donn\u00e9es sont effectu\u00e9s ?<\/strong><\/p>\n\n\n\n<p>Vos donn\u00e9es personnelles sont collect\u00e9es et trait\u00e9es, en utilisant des m\u00e9thodes automatis\u00e9es et non automatis\u00e9es, comme pr\u00e9cis\u00e9 ci-dessous.<\/p>\n\n\n\n<p class=\"has-text-align-center\"><strong><strong>Gestion des fournisseurs<\/strong><\/strong><\/p>\n\n\n\n<figure class=\"wp-block-table\"><table><tbody><tr><td>Objet et base juridique<\/td><td>&#8211; \u00c9tablissement et gestion de la relation contractuelle, bas\u00e9e sur l&rsquo;ex\u00e9cution d&rsquo;un contrat et\/ou de mesures pr\u00e9contractuelles, obligation l\u00e9gale<\/td><\/tr><tr><td>Cat\u00e9gories de donn\u00e9es<\/td><td>Donn\u00e9es personnelles, donn\u00e9es de contact, donn\u00e9es d&rsquo;adresse, donn\u00e9es de paiement<\/td><\/tr><tr><td>Dur\u00e9e de stockage*<\/td><td>10 ans \u00e0 compter de l&rsquo;ann\u00e9e de r\u00e9siliation du dernier contrat<\/td><\/tr><tr><td>Destinataires des donn\u00e9es<\/td><td>Sujets autoris\u00e9s \u00e0 traiter nomm\u00e9s conform\u00e9ment \u00e0 l&rsquo;art. 29 R\u00e8glement UE 2016\/679, Autorit\u00e9s et administrations publiques \u00e0 l&rsquo;\u00e9gard desquelles il existe une obligation l\u00e9gale de communiquer, Responsables du traitement nomm\u00e9s conform\u00e9ment \u00e0 l&rsquo;art. 28 R\u00e8glement UE 2016\/679 (voir registre des gestionnaires), autres sujets pour lesquels la communication de donn\u00e9es est n\u00e9cessaire \u00e0 la r\u00e9alisation des finalit\u00e9s d\u00e9clar\u00e9es du propri\u00e9taire, Banques<\/td><\/tr><\/tbody><\/table><\/figure>\n\n\n\n<p class=\"has-text-align-center\"><strong><strong><strong>Planification et contr\u00f4le des activit\u00e9s<\/strong><\/strong><\/strong><\/p>\n\n\n\n<figure class=\"wp-block-table\"><table><tbody><tr><td>Objet et base juridique<\/td><td>\u00a0\u00a0&#8211; Planification des activit\u00e9s, bas\u00e9e sur l&rsquo;int\u00e9r\u00eat l\u00e9gitime du propri\u00e9taire dans l&rsquo;exercice de l&rsquo;activit\u00e9 commerciale<\/td><\/tr><tr><td>Cat\u00e9gories de donn\u00e9es<\/td><td>Donn\u00e9es personnelles, Donn\u00e9es de contact, Donn\u00e9es relatives \u00e0 l&rsquo;activit\u00e9 professionnelle<\/td><\/tr><tr><td>Dur\u00e9e de stockage*<\/td><td>10 ans \u00e0 compter de l&rsquo;ann\u00e9e d&rsquo;acquisition des donn\u00e9es<\/td><\/tr><tr><td>Destinataires des donn\u00e9es<\/td><td>Sujets autoris\u00e9s \u00e0 traiter nomm\u00e9s conform\u00e9ment \u00e0 l&rsquo;art. 29 R\u00e8glement UE 2016\/679, Responsables du traitement nomm\u00e9s conform\u00e9ment \u00e0 l&rsquo;art. 28 R\u00e8glement UE 2016\/679 (voir registre des gestionnaires), autres sujets pour lesquels la communication des donn\u00e9es est n\u00e9cessaire \u00e0 la r\u00e9alisation des finalit\u00e9s d\u00e9clar\u00e9es du propri\u00e9taire.<\/td><\/tr><\/tbody><\/table><\/figure>\n\n\n\n<p class=\"has-text-align-center\"><strong>Contr\u00f4le de gestion<\/strong><\/p>\n\n\n\n<figure class=\"wp-block-table\"><table><tbody><tr><td>Objet et base juridique<\/td><td>\u00a0&#8211; Tenue des registres comptables, sur la base d&rsquo;une obligation l\u00e9gale<br>&#8211; Obligations fiscales, fond\u00e9es sur une obligation l\u00e9gale<\/td><\/tr><tr><td>Cat\u00e9gories de donn\u00e9es<\/td><td>Donn\u00e9es personnelles, Donn\u00e9es de contact, Donn\u00e9es d&rsquo;adresse, Donn\u00e9es de paiement, Donn\u00e9es relatives \u00e0 l&rsquo;activit\u00e9 professionnelle, Donn\u00e9es relatives aux achats ou \u00e0 l&rsquo;utilisation de services<\/td><\/tr><tr><td>Dur\u00e9e de stockage*<\/td><td>10 ans \u00e0 compter de l&rsquo;ann\u00e9e de comp\u00e9tence<\/td><\/tr><tr><td>Destinataires des donn\u00e9es<\/td><td>Sujets autoris\u00e9s \u00e0 traiter nomm\u00e9s conform\u00e9ment \u00e0 l&rsquo;art. 29 R\u00e8glement UE 2016\/679, Responsables du traitement nomm\u00e9s conform\u00e9ment \u00e0 l&rsquo;art. 28 R\u00e8glement UE 2016\/679 (voir registre des gestionnaires), autres sujets pour lesquels la communication des donn\u00e9es est n\u00e9cessaire \u00e0 la r\u00e9alisation des finalit\u00e9s d\u00e9clar\u00e9es du propri\u00e9taire.<\/td><\/tr><\/tbody><\/table><\/figure>\n\n\n\n<p class=\"has-text-align-center\"><strong>Comptabilit\u00e9<\/strong><\/p>\n\n\n\n<p class=\"has-text-align-center\"><\/p>\n\n\n\n<figure class=\"wp-block-table\"><table><tbody><tr><td>Objet et base juridique<\/td><td>\u00a0&#8211; Tenue des registres comptables, sur la base d&rsquo;une obligation l\u00e9gale<br>&#8211; Obligations fiscales, fond\u00e9es sur une obligation l\u00e9gale<\/td><\/tr><tr><td>Cat\u00e9gories de donn\u00e9es<\/td><td>Donn\u00e9es personnelles, Donn\u00e9es de contact, Donn\u00e9es d&rsquo;adresse, Donn\u00e9es de paiement, Donn\u00e9es relatives \u00e0 l&rsquo;activit\u00e9 professionnelle, Donn\u00e9es relatives aux achats ou \u00e0 l&rsquo;utilisation de services<\/td><\/tr><tr><td>Dur\u00e9e de stockage*<\/td><td>10 ans \u00e0 compter de l&rsquo;ann\u00e9e de r\u00e9siliation du dernier contrat<\/td><\/tr><tr><td>Destinataires des donn\u00e9es<\/td><td>Sujets autoris\u00e9s \u00e0 traiter nomm\u00e9s conform\u00e9ment \u00e0 l&rsquo;art. 29 R\u00e8glement UE 2016\/679, Autorit\u00e9s et administrations publiques \u00e0 l&rsquo;\u00e9gard desquelles il existe une obligation l\u00e9gale de communiquer, Responsables du traitement d\u00e9sign\u00e9s conform\u00e9ment \u00e0 l&rsquo;art. 28 R\u00e8glement UE 2016\/679 (voir registre des gestionnaires), autres sujets pour lesquels la communication de donn\u00e9es est n\u00e9cessaire \u00e0 la r\u00e9alisation des finalit\u00e9s d\u00e9clar\u00e9es du propri\u00e9taire, Banques<\/td><\/tr><\/tbody><\/table><\/figure>\n\n\n\n<p class=\"has-text-align-center\"><strong><strong><strong><strong><strong>R\u00e9ception et acceptation des marchandises<\/strong><\/strong><\/strong><\/strong><\/strong><\/p>\n\n\n\n<figure class=\"wp-block-table\"><table><tbody><tr><td>Objet et base juridique<\/td><td>&#8211; R\u00e9ception des marchandises, bas\u00e9e sur l&rsquo;ex\u00e9cution d&rsquo;un contrat et\/ou de mesures pr\u00e9contractuelles<\/td><\/tr><tr><td>Cat\u00e9gories de donn\u00e9es<\/td><td>Donn\u00e9es personnelles, donn\u00e9es de contact, donn\u00e9es d&rsquo;adresse, dates de paiement<\/td><\/tr><tr><td>Dur\u00e9e de stockage*<\/td><td>10 ans \u00e0 compter de l&rsquo;ann\u00e9e de comp\u00e9tence<\/td><\/tr><tr><td>Destinataires des donn\u00e9es<\/td><td>Sujets autoris\u00e9s \u00e0 traiter nomm\u00e9s conform\u00e9ment \u00e0 l&rsquo;art. 29 R\u00e8glement UE 2016\/679, Responsables du traitement nomm\u00e9s conform\u00e9ment \u00e0 l&rsquo;art. 28 R\u00e8glement UE 2016\/679 (voir registre des gestionnaires), autres sujets pour lesquels la communication des donn\u00e9es est n\u00e9cessaire \u00e0 la r\u00e9alisation des finalit\u00e9s d\u00e9clar\u00e9es du propri\u00e9taire.<\/td><\/tr><\/tbody><\/table><\/figure>\n\n\n\n<p class=\"has-text-align-center\"><strong><strong><strong>Gestion des achats<\/strong><\/strong><\/strong><\/p>\n\n\n\n<figure class=\"wp-block-table\"><table><tbody><tr><td>Objet et base juridique<\/td><td>&#8211; R\u00e9ception des marchandises, bas\u00e9e sur l&rsquo;ex\u00e9cution d&rsquo;un contrat et\/ou de mesures pr\u00e9contractuelles<\/td><\/tr><tr><td>Cat\u00e9gories de donn\u00e9es<\/td><td>Donn\u00e9es personnelles, donn\u00e9es de contact, donn\u00e9es d&rsquo;adresse, dates de paiement<\/td><\/tr><tr><td>Dur\u00e9e de stockage*<\/td><td>10 ans \u00e0 compter de l&rsquo;ann\u00e9e de comp\u00e9tence<\/td><\/tr><tr><td>Destinataires des donn\u00e9es<\/td><td>Sujets autoris\u00e9s \u00e0 traiter nomm\u00e9s conform\u00e9ment \u00e0 l&rsquo;art. 29 R\u00e8glement UE 2016\/679, Responsables du traitement nomm\u00e9s conform\u00e9ment \u00e0 l&rsquo;art. 28 R\u00e8glement UE 2016\/679 (voir registre des gestionnaires), autres sujets pour lesquels la communication des donn\u00e9es est n\u00e9cessaire \u00e0 la r\u00e9alisation des finalit\u00e9s d\u00e9clar\u00e9es du propri\u00e9taire.<\/td><\/tr><\/tbody><\/table><\/figure>\n\n\n\n<p class=\"has-text-align-center\"><strong><strong><strong><strong>Activit\u00e9s de marketing et de communication<\/strong><\/strong><\/strong><\/strong><\/p>\n\n\n\n<figure class=\"wp-block-table\"><table><tbody><tr><td>Objet et base juridique<\/td><td>&#8211; Marketing (analyse et recherche de march\u00e9), Envoi d&rsquo;informations et\/ou de mat\u00e9riel publicitaire, sur la base du consentement de l&rsquo;int\u00e9ress\u00e9**<\/td><\/tr><tr><td>Cat\u00e9gories de donn\u00e9es<\/td><td>Donn\u00e9es personnelles, Donn\u00e9es de contact, Donn\u00e9es d&rsquo;adresse, Donn\u00e9es relatives aux achats ou \u00e0 l&rsquo;utilisation de services, Donn\u00e9es de profilage<\/td><\/tr><tr><td>Dur\u00e9e de stockage*<\/td><td>Jusqu&rsquo;\u00e0 ce que le consentement soit r\u00e9voqu\u00e9. Le traitement sera alors limit\u00e9 \u00e0 une simple conservation pendant 10 ans \u00e0 compter de l&rsquo;ann\u00e9e de la r\u00e9vocation du consentement.<\/td><\/tr><tr><td>Destinataires des donn\u00e9es<\/td><td>Sujets autoris\u00e9s \u00e0 traiter nomm\u00e9s conform\u00e9ment \u00e0 l&rsquo;art. 29 R\u00e8glement UE 2016\/679, Responsables du traitement nomm\u00e9s conform\u00e9ment \u00e0 l&rsquo;art. 28 R\u00e8glement UE 2016\/679 (voir registre des gestionnaires), autres sujets pour lesquels la communication des donn\u00e9es est n\u00e9cessaire \u00e0 la r\u00e9alisation des finalit\u00e9s d\u00e9clar\u00e9es du propri\u00e9taire.<\/td><\/tr><\/tbody><\/table><\/figure>\n\n\n\n<p>**La fourniture du consentement est toujours facultative et peut \u00eatre r\u00e9voqu\u00e9e \u00e0 tout moment. Vous pouvez contacter le responsable du traitement via les coordonn\u00e9es ci-dessus.<\/p>\n\n\n\n<p class=\"has-text-align-center\"><\/p>\n\n\n\n<p class=\"has-text-align-center\"><strong><strong><strong><strong><strong><strong><strong><strong><strong>R\u00e9ception<\/strong><\/strong><\/strong><\/strong><\/strong><\/strong><\/strong><\/strong><\/strong><\/p>\n\n\n\n<figure class=\"wp-block-table\"><table><tbody><tr><td>Objet et base juridique<\/td><td>&#8211; Surveillance des personnes qui rejoignent l&rsquo;entreprise, sur la base d&rsquo;un int\u00e9r\u00eat l\u00e9gitime dans la protection des actifs de l&rsquo;entreprise, la s\u00e9curit\u00e9 des travailleurs, les besoins d&rsquo;organisation et de production<br>&#8211; Filtrage des appels t\u00e9l\u00e9phoniques, bas\u00e9 sur l&rsquo;int\u00e9r\u00eat l\u00e9gitime des besoins d&rsquo;organisation et de production<\/td><\/tr><tr><td>Cat\u00e9gories de donn\u00e9es<\/td><td>Donn\u00e9es personnelles, donn\u00e9es de contact, donn\u00e9es d&rsquo;adresse, dates de paiement<\/td><\/tr><tr><td>Dur\u00e9e de stockage*<\/td><td>1 an \u00e0 compter de l&rsquo;ann\u00e9e d&rsquo;acquisition des donn\u00e9es<\/td><\/tr><tr><td>Destinataires des donn\u00e9es<\/td><td>Sujets autoris\u00e9s \u00e0 traiter nomm\u00e9s conform\u00e9ment \u00e0 l&rsquo;art. 29 R\u00e8glement UE 2016\/679, Responsables du traitement nomm\u00e9s conform\u00e9ment \u00e0 l&rsquo;art. 28 R\u00e8glement UE 2016\/679 (voir registre des gestionnaires), autres sujets pour lesquels la communication de donn\u00e9es est n\u00e9cessaire \u00e0 la r\u00e9alisation des finalit\u00e9s d\u00e9clar\u00e9es du propri\u00e9taire, des autorit\u00e9s et des administrations publiques \u00e0 l&rsquo;\u00e9gard desquelles il existe une obligation l\u00e9gale. communiquer<\/td><\/tr><\/tbody><\/table><\/figure>\n\n\n\n<p class=\"has-text-align-center\"><strong><strong><strong><strong><strong>Gestion de l&rsquo;h\u00e9bergement<\/strong><\/strong><\/strong><\/strong><\/strong><\/p>\n\n\n\n<figure class=\"wp-block-table\"><table><tbody><tr><td>Objet et base juridique<\/td><td>&#8211; Organisation de l&rsquo;h\u00e9bergement, bas\u00e9e sur l&rsquo;ex\u00e9cution d&rsquo;un contrat et\/ou de mesures pr\u00e9contractuelles<\/td><\/tr><tr><td>Cat\u00e9gories de donn\u00e9es<\/td><td>Donn\u00e9es personnelles, Donn\u00e9es de contact, Donn\u00e9es relatives \u00e0 l&rsquo;activit\u00e9 professionnelle, Donn\u00e9es relatives aux documents d&rsquo;identification\/reconnaissance<\/td><\/tr><tr><td>Dur\u00e9e de stockage*<\/td><td>10 ans \u00e0 compter de l&rsquo;ann\u00e9e d&rsquo;organisation<\/td><\/tr><tr><td>Destinataires des donn\u00e9es<\/td><td>Sujets autoris\u00e9s \u00e0 traiter nomm\u00e9s conform\u00e9ment \u00e0 l&rsquo;art. 29 R\u00e8glement UE 2016\/679, Responsables du traitement nomm\u00e9s conform\u00e9ment \u00e0 l&rsquo;art. 28 R\u00e8glement UE 2016\/679 (voir registre des gestionnaires), Installations d&rsquo;h\u00e9bergement, Services de transfert, autres sujets pour lesquels la communication de donn\u00e9es est n\u00e9cessaire \u00e0 la r\u00e9alisation des finalit\u00e9s d\u00e9clar\u00e9es du propri\u00e9taire.<\/td><\/tr><\/tbody><\/table><\/figure>\n\n\n\n<p>* En plus du temps n\u00e9cessaire \u00e0 la prescription des droits mutuels et de la dur\u00e9e de conservation des sauvegardes.<\/p>\n\n\n\n<p>En plus de ce qui pr\u00e9c\u00e8de, dans le cadre des activit\u00e9s fonctionnelles \u00e0 la bonne gestion de l&rsquo;organisation, vos donn\u00e9es personnelles seront \u00e9galement trait\u00e9es par du personnel interne ou externe d\u00fbment autoris\u00e9 pour&nbsp;:<\/p>\n\n\n\n<p>1) la gestion et la maintenance du r\u00e9seau et des syst\u00e8mes informatiques, lorsque le traitement s&rsquo;effectue par des m\u00e9thodes m\u00eame partiellement automatis\u00e9es (par exemple lorsque les donn\u00e9es transitent par les syst\u00e8mes informatiques de Krupps Srl), sur la base de l&rsquo;int\u00e9r\u00eat l\u00e9gitime \u00e0 les prot\u00e9ger et pour les obligations li\u00e9es \u00e0 la s\u00e9curit\u00e9 des informations ; les donn\u00e9es sont conserv\u00e9es dans le respect des mises en \u0153uvre de s\u00e9curit\u00e9 et des dispositions relatives aux principaux traitements de r\u00e9f\u00e9rence parmi ceux d\u00e9crits ci-dessus ;<\/p>\n\n\n\n<p>2) g\u00e9rer les activit\u00e9s de conformit\u00e9, y compris les obligations en mati\u00e8re de protection des donn\u00e9es personnelles, comme l&rsquo;exige la loi, dans le respect des d\u00e9lais de conservation pr\u00e9vus pour le traitement principal de r\u00e9f\u00e9rence&nbsp;;<\/p>\n\n\n\n<p>3) pr\u00e9venir et d\u00e9tecter les abus et d\u00e9fendre les droits et int\u00e9r\u00eats du Responsable du traitement, en les conservant jusqu&rsquo;\u00e0 l&rsquo;expiration du d\u00e9lai de prescription, sauf litige (dans ce cas, les donn\u00e9es seront conserv\u00e9es jusqu&rsquo;\u00e0 la cessation d\u00e9finitive de le litige), sur la base de l\u2019int\u00e9r\u00eat l\u00e9gitime du Responsable du traitement \u00e0 la protection de ses droits et int\u00e9r\u00eats.<\/p>\n\n\n\n<p><strong>Existe-t-il des processus automatis\u00e9s ?<\/strong><\/p>\n\n\n\n<p>Le traitement n&rsquo;est pas bas\u00e9 sur une prise de d\u00e9cision automatis\u00e9e.<\/p>\n\n\n\n<p><strong>Est-il obligatoire de fournir les donn\u00e9es ?<\/strong><\/p>\n\n\n\n<p>Sauf pour les finalit\u00e9s fond\u00e9es sur le consentement, la fourniture de vos donn\u00e9es est une condition n\u00e9cessaire : le d\u00e9faut de fourniture des donn\u00e9es indiqu\u00e9es comme obligatoires pourrait entra\u00eener des cons\u00e9quences juridiques et contractuelles. Par cons\u00e9quent, en cas de d\u00e9faut de fourniture, vous risquez de ne pas obtenir le r\u00e9sultat attendu ou de ne l\u2019obtenir que partiellement.<\/p>\n\n\n\n<p><strong>Les donn\u00e9es sont-elles transf\u00e9r\u00e9es en dehors de l\u2019Union europ\u00e9enne ?<\/strong><\/p>\n\n\n\n<p>Le traitement des donn\u00e9es personnelles (par exemple le stockage, l&rsquo;archivage et la conservation des donn\u00e9es sur ses serveurs ou dans le cloud) sera limit\u00e9 aux domaines de circulation et de traitement des donn\u00e9es personnelles des pays appartenant \u00e0 l&rsquo;Espace \u00e9conomique europ\u00e9en, avec une interdiction expresse de les transf\u00e9rer vers des pays tiers ne garantissant pas (ou en l&rsquo;absence de) un niveau de protection ad\u00e9quat, ou, en l&rsquo;absence d&rsquo;outils de protection pr\u00e9vus par le r\u00e8glement UE 2016\/679 (pays tiers jug\u00e9 ad\u00e9quat par la Commission europ\u00e9enne, groupe BCR, clauses contractuelles types, consentement des parties int\u00e9ress\u00e9es, etc.).<\/p>\n\n\n\n<p><strong>Quels droits sont reconnus ?<\/strong><\/p>\n\n\n\n<ul class=\"wp-block-list\">\n<li>Vous en avez le droit, selon les dispositions des articles. 15 et suivants du R\u00e8glement UE 2016\/679 pour demander au Responsable du traitement d&rsquo;acc\u00e9der \u00e0 vos donn\u00e9es personnelles, ainsi que leur rectification, annulation ou oubli ;<\/li>\n\n\n\n<li>Vous avez \u00e9galement le droit de demander la portabilit\u00e9 des donn\u00e9es ou la limitation du traitement ;<\/li>\n\n\n\n<li>Vous avez le droit, pour des raisons li\u00e9es \u00e0 votre situation particuli\u00e8re, de vous opposer au traitement fond\u00e9 sur un int\u00e9r\u00eat l\u00e9gitime des donn\u00e9es personnelles vous concernant ;<\/li>\n\n\n\n<li>Vous avez le droit de consulter le contenu essentiel de tout contrat de copropri\u00e9t\u00e9 sign\u00e9 ;<\/li>\n\n\n\n<li>Pour le traitement bas\u00e9 sur le consentement, vous avez le droit de retirer votre consentement \u00e0 tout moment, sans pr\u00e9judice de la lic\u00e9it\u00e9 du traitement bas\u00e9 sur le consentement donn\u00e9 avant la r\u00e9vocation ;<\/li>\n\n\n\n<li>Vous pouvez \u00e9galement d\u00e9poser une plainte aupr\u00e8s de l&rsquo;Autorit\u00e9 Garante pour la protection des donn\u00e9es personnelles, dont le si\u00e8ge est Piazza Venezia 11, 00187 \u2013 Rome \u2013protocol@pec.gdpd.it.<\/li>\n<\/ul>\n\n\n\n<p>Pour exercer vos droits ou demander des informations compl\u00e9mentaires, vous pouvez contacter le Propri\u00e9taire via les coordonn\u00e9es ci-dessus.<\/p>\n\n\n\n<p><strong>Les informations contenues dans cette politique peuvent-elles changer&nbsp;?<\/strong><\/p>\n\n\n\n<p>Nous nous r\u00e9servons le droit de mettre \u00e0 jour notre politique de confidentialit\u00e9. Nous communiquerons les modifications que nous jugeons appropri\u00e9es et nous mettrons \u00e0 jour la date dans cette politique de confidentialit\u00e9. Par cons\u00e9quent, nous vous recommandons de consulter p\u00e9riodiquement nos informations sur le traitement des donn\u00e9es personnelles, en demandant \u00e9galement une copie au responsable du traitement.<\/p>\n\n\n\n<p><em>Derni\u00e8re mise \u00e0 jour : 29\/11\/2024<\/em><\/p>\n","protected":false},"excerpt":{"rendered":"<p>INFORMATIONS SUR LE TRAITEMENT DES DONN\u00c9ES PERSONNELLESDES FOURNISSEURS(Informations conform\u00e9ment \u00e0 l&rsquo;art. 13 et \u00e0 l&rsquo;art. 14 du R\u00e8glement (UE) 679\/2016, dit. RGPD) Nous vous pr\u00e9sentons ci-dessous quelques informations que vous devez porter \u00e0 votre attention, non seulement pour respecter les obligations l\u00e9gales, mais aussi parce que la transparence et l&rsquo;\u00e9quit\u00e9 envers les parties int\u00e9ress\u00e9es sont&hellip;<\/p>\n","protected":false},"author":11725,"featured_media":0,"parent":7505,"menu_order":0,"comment_status":"closed","ping_status":"closed","template":"","meta":{"_acf_changed":false,"footnotes":""},"class_list":["post-7421","page","type-page","status-publish","hentry","description-off"],"acf":[],"_links":{"self":[{"href":"https:\/\/www.thesisitalia.com\/fr\/wp-json\/wp\/v2\/pages\/7421","targetHints":{"allow":["GET"]}}],"collection":[{"href":"https:\/\/www.thesisitalia.com\/fr\/wp-json\/wp\/v2\/pages"}],"about":[{"href":"https:\/\/www.thesisitalia.com\/fr\/wp-json\/wp\/v2\/types\/page"}],"author":[{"embeddable":true,"href":"https:\/\/www.thesisitalia.com\/fr\/wp-json\/wp\/v2\/users\/11725"}],"replies":[{"embeddable":true,"href":"https:\/\/www.thesisitalia.com\/fr\/wp-json\/wp\/v2\/comments?post=7421"}],"version-history":[{"count":3,"href":"https:\/\/www.thesisitalia.com\/fr\/wp-json\/wp\/v2\/pages\/7421\/revisions"}],"predecessor-version":[{"id":8291,"href":"https:\/\/www.thesisitalia.com\/fr\/wp-json\/wp\/v2\/pages\/7421\/revisions\/8291"}],"up":[{"embeddable":true,"href":"https:\/\/www.thesisitalia.com\/fr\/wp-json\/wp\/v2\/pages\/7505"}],"wp:attachment":[{"href":"https:\/\/www.thesisitalia.com\/fr\/wp-json\/wp\/v2\/media?parent=7421"}],"curies":[{"name":"wp","href":"https:\/\/api.w.org\/{rel}","templated":true}]}}