	{"id":742,"date":"2017-09-30T07:41:44","date_gmt":"2017-09-30T05:41:44","guid":{"rendered":"http:\/\/thesisitalia.com\/catalogue\/handy-line\/"},"modified":"2019-07-16T16:34:54","modified_gmt":"2019-07-16T14:34:54","slug":"handy-line","status":"publish","type":"page","link":"https:\/\/www.thesisitalia.com\/fr\/catalogue\/handy-line\/","title":{"rendered":"HANDY line"},"content":{"rendered":"<div class=\"wpb-content-wrapper\"><p>[vc_row][vc_column width=\u00a0\u00bb1\/3&Prime;]<div class=\"dt-fancy-separator title-left h1-size style-disabled\" style=\"width: 100%;\"><div class=\"dt-fancy-title\" style=\"color: #0b4fa2;\"><span class=\"separator-holder separator-left\"><\/span>HANDY line<span class=\"separator-holder separator-right\"><\/span><\/div><\/div>[\/vc_column][vc_column width=\u00a0\u00bb2\/3&Prime;][vc_column_text]<\/p>\n<p class=\"p1\">La ligne <strong>HANDY<\/strong> se distingue par sa vaste gamme de mod\u00e8les, adapt\u00e9s \u00e0 toutes les situations. Le syst\u00e8me de contr\u00f4le \u00e0 travers la simple carte \u00e9lectronique permet de configurer et de contr\u00f4ler les temps de rin\u00e7age et les temp\u00e9ratures de rin\u00e7age et de vidange ainsi que les Thermostops correspondants, essentiels pour garantir un excellent r\u00e9sultat final. Via le panneau de commandes, vous pourrez choisir un de ses 4 cycles de lavage et un cycle de vidange automatique (avec pompe de vidange install\u00e9e), afficher facilement \u00e0 l\u2019\u00e9cran la temp\u00e9rature de la cuve et du boiler, les messages du syst\u00e8me d\u2019Auto-diagnostic et le message d\u2019Entretien Programm\u00e9. En changeant de couleur, le bouton de Start intelligent vous informe sur l\u2019\u00e9tat du lave-vaisselle avec une grande simplicit\u00e9.<\/p>\n<p>[\/vc_column_text][\/vc_column][\/vc_row]<\/p>\n<\/div>","protected":false},"excerpt":{"rendered":"<p>[vc_row][vc_column width=\u00a0\u00bb1\/3&Prime;][\/vc_column][vc_column width=\u00a0\u00bb2\/3&Prime;][vc_column_text] La ligne HANDY se distingue par sa vaste gamme de mod\u00e8les, adapt\u00e9s \u00e0 toutes les situations. Le syst\u00e8me de contr\u00f4le \u00e0 travers la simple carte \u00e9lectronique permet de configurer et de contr\u00f4ler les temps de rin\u00e7age et les temp\u00e9ratures de rin\u00e7age et de vidange ainsi que les Thermostops correspondants, essentiels pour garantir&hellip;<\/p>\n","protected":false},"author":1,"featured_media":0,"parent":698,"menu_order":0,"comment_status":"closed","ping_status":"closed","template":"tax-linea.php","meta":{"_acf_changed":false,"footnotes":""},"class_list":["post-742","page","type-page","status-publish","hentry","description-off"],"acf":[],"_links":{"self":[{"href":"https:\/\/www.thesisitalia.com\/fr\/wp-json\/wp\/v2\/pages\/742","targetHints":{"allow":["GET"]}}],"collection":[{"href":"https:\/\/www.thesisitalia.com\/fr\/wp-json\/wp\/v2\/pages"}],"about":[{"href":"https:\/\/www.thesisitalia.com\/fr\/wp-json\/wp\/v2\/types\/page"}],"author":[{"embeddable":true,"href":"https:\/\/www.thesisitalia.com\/fr\/wp-json\/wp\/v2\/users\/1"}],"replies":[{"embeddable":true,"href":"https:\/\/www.thesisitalia.com\/fr\/wp-json\/wp\/v2\/comments?post=742"}],"version-history":[{"count":2,"href":"https:\/\/www.thesisitalia.com\/fr\/wp-json\/wp\/v2\/pages\/742\/revisions"}],"predecessor-version":[{"id":1578,"href":"https:\/\/www.thesisitalia.com\/fr\/wp-json\/wp\/v2\/pages\/742\/revisions\/1578"}],"up":[{"embeddable":true,"href":"https:\/\/www.thesisitalia.com\/fr\/wp-json\/wp\/v2\/pages\/698"}],"wp:attachment":[{"href":"https:\/\/www.thesisitalia.com\/fr\/wp-json\/wp\/v2\/media?parent=742"}],"curies":[{"name":"wp","href":"https:\/\/api.w.org\/{rel}","templated":true}]}}