	{"id":7407,"date":"2024-10-10T09:17:42","date_gmt":"2024-10-10T07:17:42","guid":{"rendered":"https:\/\/www.thesisitalia.com\/?page_id=7407"},"modified":"2025-03-12T16:00:54","modified_gmt":"2025-03-12T15:00:54","slug":"informativa-al-trattamento-dei-dati-personali-dellutente","status":"publish","type":"page","link":"https:\/\/www.thesisitalia.com\/fr\/privacy-policies\/informativa-al-trattamento-dei-dati-personali-dellutente\/","title":{"rendered":"INFORMATIONS SUR LE TRAITEMENT DES DONN\u00c9ES PERSONNELLES"},"content":{"rendered":"\n<p><\/p>\n\n\n\n<h4 class=\"wp-block-heading has-text-align-center\"><strong>INFORMATIONS SUR LE TRAITEMENT DES DONN\u00c9ES PERSONNELLES<br><\/strong><em>(articles 13 et 14 du r\u00e8glement UE 2016\/679 et d\u00e9cret l\u00e9gislatif 196\/2003 et modifications ult\u00e9rieures )<\/em><em><\/em><\/h4>\n\n\n\n<p class=\"has-text-align-center\"><\/p>\n\n\n\n<p class=\"has-text-align-center\"><\/p>\n\n\n\n<p>Cher utilisateur,<\/p>\n\n\n\n<p>Ci-dessous, nous vous fournissons quelques informations qu&rsquo;il est n\u00e9cessaire de porter \u00e0 votre connaissance, non seulement pour respecter les obligations l\u00e9gales, mais aussi parce que la transparence et l&rsquo;\u00e9quit\u00e9 envers les parties int\u00e9ress\u00e9es constituent un \u00e9l\u00e9ment fondamental de notre activit\u00e9.<\/p>\n\n\n\n<p>Cette information d\u00e9crit les modalit\u00e9s de traitement des donn\u00e9es personnelles des utilisateurs qui consultent ce site Internet, accessible par voie \u00e9lectronique \u00e0 l&rsquo;adresse suivante <strong>https:\/\/www.thesisitalia.com\/ <\/strong>.<\/p>\n\n\n\n<p>Ces informations ne concernent pas les autres sites, pages ou services en ligne accessibles via des liens hypertextes \u00e9ventuellement publi\u00e9s sur le site mais renvoyant vers des ressources ext\u00e9rieures \u00e0 ce domaine.<\/p>\n\n\n\n<figure class=\"wp-block-table\"><table><tbody><tr><td class=\"has-text-align-center\" data-align=\"center\"><strong><strong>Responsable du traitement des donn\u00e9es<\/strong><\/strong><br><img loading=\"lazy\" decoding=\"async\" width=\"90\" height=\"90\" class=\"wp-image-8250\" style=\"width: 90px;\" src=\"https:\/\/www.thesisitalia.com\/wp-content\/uploads\/sites\/3\/2025\/03\/titolare-del-trattamento.png\" alt=\"\"><\/td><td>Le responsable du traitement des donn\u00e9es (l&rsquo;entit\u00e9 qui d\u00e9cide des finalit\u00e9s et des m\u00e9thodes de traitement de vos donn\u00e9es personnelles) est <strong>Krupps Srl<\/strong><br><strong>TVA <\/strong>: 04251180289<br><strong>Site <\/strong>:Via Austria 19 \u2013 35127, Padoue (PD) \u2013 Italie<br><strong>T\u00e9l\u00e9phone <\/strong>: 049 7625156<br><strong>Courriel <\/strong>: <a href=\"mailto:privacy@krupps.com\">privacy@krupps.com <\/a>, krupps@pec.it<br>\u00a0<br>Pour les traitements qui incluent la publication de contenus sur les r\u00e9seaux sociaux, le <strong>Responsable du traitement <\/strong>a conclu des accords types de copropri\u00e9t\u00e9 avec les propri\u00e9taires des plateformes sociales.<\/td><\/tr><tr><td class=\"has-text-align-center\" data-align=\"center\"><strong>DPO<\/strong><br><img loading=\"lazy\" decoding=\"async\" width=\"90\" height=\"90\" class=\"wp-image-8222\" style=\"width: 90px;\" src=\"https:\/\/www.thesisitalia.com\/wp-content\/uploads\/sites\/3\/2025\/03\/DPO.png\" alt=\"\"><\/td><td>Le d\u00e9l\u00e9gu\u00e9 \u00e0 la protection des donn\u00e9es (DPD) peut \u00eatre contact\u00e9 aux adresses suivantes :<br><strong>Courriel : <\/strong>dpo@krupps.com\u00a0\u00a0\u00a0\u00a0\u00a0\u00a0\u00a0<br><strong>PEC : <\/strong>dataprotectionofficer@pec.it\u00a0\u00a0\u00a0\u00a0\u00a0\u00a0\u00a0\u00a0\u00a0\u00a0\u00a0\u00a0<\/td><\/tr><tr><td class=\"has-text-align-center\" data-align=\"center\"><strong><strong>Cat\u00e9gories de donn\u00e9es<\/strong><\/strong><br><img loading=\"lazy\" decoding=\"async\" width=\"90\" height=\"90\" class=\"wp-image-8187\" style=\"width: 90px;\" src=\"https:\/\/www.thesisitalia.com\/wp-content\/uploads\/sites\/3\/2025\/03\/cATEGORIE-DI-DATI.png\" alt=\"\"><\/td><td>&#8211; Donn\u00e9es relatives \u00e0 la fourniture d&rsquo;un service de communication \u00e9lectronique : donn\u00e9es relatives au trafic, donn\u00e9es relatives \u00e0 la navigation sur Internet, adresses IP ou noms de domaine des ordinateurs utilis\u00e9s par les utilisateurs se connectant au site ; heure de la demande ; m\u00e9thode utilis\u00e9e pour soumettre la demande au serveur\u00a0; code num\u00e9rique indiquant l&rsquo;\u00e9tat de la r\u00e9ponse donn\u00e9e par le serveur (r\u00e9ussite, erreur, etc.) ; autres param\u00e8tres relatifs au syst\u00e8me d&rsquo;exploitation et au navigateur utilis\u00e9s par l&rsquo;utilisateur<br>&#8211; Donn\u00e9es personnelles, de contact et d\u2019adresse ;<br>&#8211; Donn\u00e9es de connexion et d\u2019authentification ;<br>&#8211; Toute autre donn\u00e9e fournie volontairement par l&rsquo;utilisateur au Responsable du traitement<\/td><\/tr><tr><td class=\"has-text-align-center\" data-align=\"center\"><strong><strong>Source des donn\u00e9es<\/strong><\/strong><br><img loading=\"lazy\" decoding=\"async\" width=\"90\" height=\"90\" class=\"wp-image-8236\" style=\"width: 90px;\" src=\"https:\/\/www.thesisitalia.com\/wp-content\/uploads\/sites\/3\/2025\/03\/FONTE-DI-DATI.png\" alt=\"\"><\/td><td>Les donn\u00e9es personnelles sont collect\u00e9es aupr\u00e8s de la personne int\u00e9ress\u00e9e au cours de la navigation (voir \u00e9galement le tableau des cookies) ou par le biais de communications envoy\u00e9es par celle-ci et\/ou provenant de sources accessibles au public, par exemple. r\u00e9seaux sociaux.<\/td><\/tr><tr><td class=\"has-text-align-center\" data-align=\"center\"><strong><strong>Attributio<\/strong>n<\/strong><br><img loading=\"lazy\" decoding=\"async\" width=\"130\" height=\"130\" class=\"wp-image-8201\" style=\"width: 130px;\" src=\"https:\/\/www.thesisitalia.com\/wp-content\/uploads\/sites\/3\/2025\/03\/Conferimento.png\" alt=\"\"><\/td><td>Laddove segnalato, il conferimento dei suoi dati \u00e8 requisito necessario per perseguire le finalit\u00e0 di seguito indicate. Pertanto, in caso di mancato conferimento, non potremo eseguire il trattamento collegato.<\/td><\/tr><\/tbody><\/table><\/figure>\n\n\n\n<p><strong>Traitements<\/strong><\/p>\n\n\n\n<p>Vos donn\u00e9es personnelles sont collect\u00e9es et trait\u00e9es \u00e0 l\u2019aide de proc\u00e9d\u00e9s automatis\u00e9s, semi-automatis\u00e9s et non automatis\u00e9s, comme pr\u00e9cis\u00e9 ci-dessous :<\/p>\n\n\n\n<figure class=\"wp-block-table\"><table class=\"has-fixed-layout\"><tbody><tr><td class=\"has-text-align-center\" data-align=\"center\"><strong><strong>But<\/strong><\/strong><br><img loading=\"lazy\" decoding=\"async\" width=\"90\" height=\"76\" class=\"wp-image-8229\" style=\"width: 90px;\" src=\"https:\/\/www.thesisitalia.com\/wp-content\/uploads\/sites\/3\/2025\/03\/finalita.png\" alt=\"\"><\/td><td class=\"has-text-align-center\" data-align=\"center\"><strong><strong>Base juridiqu<\/strong>e<\/strong><br><img loading=\"lazy\" decoding=\"async\" width=\"90\" height=\"90\" class=\"wp-image-8180\" style=\"width: 90px;\" src=\"https:\/\/www.thesisitalia.com\/wp-content\/uploads\/sites\/3\/2025\/03\/base-giuridica.png\" alt=\"\"><\/td><td class=\"has-text-align-center\" data-align=\"center\"><strong><strong>Conservation*<\/strong><\/strong><br><img loading=\"lazy\" decoding=\"async\" width=\"90\" height=\"83\" class=\"wp-image-8208\" style=\"width: 90px;\" src=\"https:\/\/www.thesisitalia.com\/wp-content\/uploads\/sites\/3\/2025\/03\/conservazione.png\" alt=\"\"><\/td><\/tr><tr><td class=\"has-text-align-center\" data-align=\"center\">Permettre l&rsquo;utilisation compl\u00e8te des fonctionnalit\u00e9s du site Web<\/td><td class=\"has-text-align-center\" data-align=\"center\">Mesures pr\u00e9contractuelles ou contractuelles (ex\u00e9cuter le service ou la prestation demand\u00e9e)<\/td><td class=\"has-text-align-center\" data-align=\"center\">La dur\u00e9e est li\u00e9e au cookie individuel et peut \u00eatre consult\u00e9e dans les informations correspondantes<\/td><\/tr><tr><td class=\"has-text-align-center\" data-align=\"center\">Consentire l&rsquo;analisi del sito web e del relativo traffico nonch\u00e9<br>Permettre l&rsquo;analyse du site Web et de son trafic ainsi que<br>optimisation pour assurer la convivialit\u00e9<\/td><td class=\"has-text-align-center\" data-align=\"center\">Consentement** via banni\u00e8re de cookies<\/td><td class=\"has-text-align-center\" data-align=\"center\">La dur\u00e9e est li\u00e9e au cookie individuel et peut \u00eatre consult\u00e9e dans les informations correspondantes<\/td><\/tr><tr><td class=\"has-text-align-center\" data-align=\"center\">Assurer le suivi des demandes de la partie int\u00e9ress\u00e9e et g\u00e9rer les obligations pr\u00e9contractuelles ou contractuelles<\/td><td class=\"has-text-align-center\" data-align=\"center\">Mesures pr\u00e9contractuelles ou contractuelles (ex\u00e9cuter le service ou la prestation demand\u00e9e)<\/td><td class=\"has-text-align-center\" data-align=\"center\">10 ans \u00e0 compter de l&rsquo;ann\u00e9e de la demande<\/td><\/tr><tr><td class=\"has-text-align-center\" data-align=\"center\">Envoi d&rsquo;informations et\/ou de mat\u00e9riel publicitaire (par exemple newsletter)<\/td><td class=\"has-text-align-center\" data-align=\"center\">Consentement de l&rsquo;int\u00e9ress\u00e9**<\/td><td class=\"has-text-align-center\" data-align=\"center\">Jusqu&rsquo;\u00e0 ce que le consentement soit r\u00e9voqu\u00e9. Le traitement sera alors limit\u00e9 \u00e0 une simple conservation pendant 10 ans \u00e0 compter de l\u2019ann\u00e9e au cours de laquelle le consentement a \u00e9t\u00e9 r\u00e9voqu\u00e9.<\/td><\/tr><tr><td class=\"has-text-align-center\" data-align=\"center\">G\u00e9rer les obligations en mati\u00e8re de protection des donn\u00e9es personnelles<\/td><td class=\"has-text-align-center\" data-align=\"center\">Accomplissement d&rsquo;une obligation l\u00e9gale<\/td><td class=\"has-text-align-center\" data-align=\"center\">Conform\u00e9ment aux dur\u00e9es de conservation pr\u00e9vues pour le traitement principal de r\u00e9f\u00e9rence ; 10 ans \u00e0 compter de l\u2019ann\u00e9e de traitement d\u2019une demande d\u2019exercice de droits.<\/td><\/tr><tr><td class=\"has-text-align-center\" data-align=\"center\">Pr\u00e9venir et\/ou d\u00e9tecter tout abus et d\u00e9fendre les droits et int\u00e9r\u00eats du Propri\u00e9taire<\/td><td class=\"has-text-align-center\" data-align=\"center\">Int\u00e9r\u00eat l\u00e9gitime \u00e0 prot\u00e9ger ses droits et int\u00e9r\u00eats devant un tribunal ou dans les \u00e9tapes pr\u00e9paratoires \u00e0 son \u00e9ventuelle constitution<\/td><td class=\"has-text-align-center\" data-align=\"center\">Jusqu&rsquo;\u00e0 l&rsquo;expiration du d\u00e9lai de prescription, sauf contestation. Dans ce cas, les donn\u00e9es seront conserv\u00e9es jusqu&rsquo;\u00e0 ce que la question du litige soit d\u00e9finitivement r\u00e9solue<\/td><\/tr><tr><td class=\"has-text-align-center\" data-align=\"center\">Gestion et maintenance du r\u00e9seau et des syst\u00e8mes informatiques<\/td><td class=\"has-text-align-center\" data-align=\"center\">Poursuite de l&rsquo;int\u00e9r\u00eat l\u00e9gitime du Responsable du traitement<\/td><td class=\"has-text-align-center\" data-align=\"center\">Conform\u00e9ment aux impl\u00e9mentations de s\u00e9curit\u00e9 et \u00e0 ce qui est pr\u00e9vu pour le traitement de r\u00e9f\u00e9rence principal ; 18 mois pour l&rsquo;ex\u00e9cution des obligations envers les administrateurs syst\u00e8me<\/td><\/tr><\/tbody><\/table><\/figure>\n\n\n\n<p>* En plus du temps n\u00e9cessaire \u00e0 l&rsquo;\u00e9coulement du d\u00e9lai de prescription relatif aux droits r\u00e9ciproques et du temps n\u00e9cessaire \u00e0 la conservation des sauvegardes<\/p>\n\n\n\n<p>** si vous ne donnez pas votre consentement, vos donn\u00e9es personnelles ne seront pas trait\u00e9es aux fins sp\u00e9cifiques. Le consentement peut \u00eatre r\u00e9voqu\u00e9 \u00e0 tout moment en contactant le propri\u00e9taire aux coordonn\u00e9es ci-dessus ou via la banni\u00e8re des cookies.<\/p>\n\n\n\n<figure class=\"wp-block-table\"><table><tbody><tr><td class=\"has-text-align-center\" data-align=\"center\"><strong><strong>Processus automatis\u00e9s et profilage<\/strong><\/strong><\/td><td>Nous vous informons que pour poursuivre certaines des finalit\u00e9s susmentionn\u00e9es, nous utilisons des processus automatis\u00e9s (processus de prise de d\u00e9cision effectu\u00e9s gr\u00e2ce \u00e0 l&rsquo;utilisation d&rsquo;outils technologiques, sans intervention humaine), y compris le profilage, donc la collecte d&rsquo;informations vous concernant afin d&rsquo;analyser vos caract\u00e9ristiques et vous ins\u00e9rer dans des cat\u00e9gories, des groupes ou pour pouvoir faire des \u00e9valuations, comme l&rsquo;envoi de mat\u00e9riel publicitaire personnalis\u00e9 en fonction de vos choix de consommation ant\u00e9rieurs, ou des pr\u00e9visions.<\/td><\/tr><tr><td class=\"has-text-align-center\" data-align=\"center\"><strong><strong>Communication de donn\u00e9es<\/strong><\/strong><br><img loading=\"lazy\" decoding=\"async\" width=\"90\" height=\"90\" class=\"wp-image-8194\" style=\"width: 90px;\" src=\"https:\/\/www.thesisitalia.com\/wp-content\/uploads\/sites\/3\/2025\/03\/comunicazione-dei-dati.png\" alt=\"\"><\/td><td>Vos donn\u00e9es pourront \u00eatre communiqu\u00e9es exclusivement pour des n\u00e9cessit\u00e9s techniques et op\u00e9rationnelles strictement li\u00e9es aux finalit\u00e9s susmentionn\u00e9es, \u00e0 des sujets qui traitent les donn\u00e9es sous l&rsquo;autorit\u00e9 du titulaire, d\u00e9sign\u00e9s comme autoris\u00e9s au traitement conform\u00e9ment \u00e0 l&rsquo;art. 29 R\u00e8glement UE 2016\/679, aux sujets qui traitent les donn\u00e9es pour le compte du propri\u00e9taire, nomm\u00e9s comme responsables du traitement conform\u00e9ment \u00e0 l&rsquo;art. 28 du r\u00e8glement UE 2016\/679, ainsi qu&rsquo;aux organismes publics \u00e0 l&rsquo;\u00e9gard desquels il existe une obligation l\u00e9gale de communication.<\/td><\/tr><tr><td class=\"has-text-align-center\" data-align=\"center\"><strong><strong>Transfert de donn\u00e9es en dehors de l&rsquo;UE<\/strong><\/strong><br><img loading=\"lazy\" decoding=\"async\" width=\"90\" height=\"71\" class=\"wp-image-8257\" style=\"width: 90px;\" src=\"https:\/\/www.thesisitalia.com\/wp-content\/uploads\/sites\/3\/2025\/03\/trasferimento-dati-extra-ue.png\" alt=\"\"><\/td><td>Bien que nous nous engagions \u00e0 choisir des services qui minimisent le traitement des donn\u00e9es personnelles de nos utilisateurs, le traitement des donn\u00e9es personnelles aux fins mentionn\u00e9es ci-dessus qui implique l&rsquo;utilisation de cookies et d&rsquo;autres outils de suivi peut impliquer le transfert de certaines donn\u00e9es, identifiant uniquement indirectement, vers des pays situ\u00e9s en dehors du territoire de l&rsquo;UE ou de l&rsquo;Espace \u00e9conomique europ\u00e9en (EEE), notamment vers les \u00c9tats-Unis.<br>Aux fins qui viennent d&rsquo;\u00eatre d\u00e9crites ainsi qu&rsquo;aux autres mentionn\u00e9es ci-dessus, les donn\u00e9es personnelles ne pourront \u00eatre transf\u00e9r\u00e9es qu&rsquo;en pr\u00e9sence d&rsquo;une des situations vis\u00e9es aux articles. 44 et suiv. du r\u00e8glement UE 2016\/679.<\/td><\/tr><tr><td class=\"has-text-align-center\" data-align=\"center\"><strong><strong>Droits de l&rsquo;int\u00e9ress\u00e9<\/strong><\/strong><br><img loading=\"lazy\" decoding=\"async\" width=\"90\" height=\"90\" class=\"wp-image-8215\" style=\"width: 90px;\" src=\"https:\/\/www.thesisitalia.com\/wp-content\/uploads\/sites\/3\/2025\/03\/diritti.png\" alt=\"\"><\/td><td>L&rsquo;int\u00e9ress\u00e9 a le droit, comme le pr\u00e9voient les statuts. 15 et suivants du R\u00e8glement UE 2016\/679 de demander au Responsable du traitement l&rsquo;acc\u00e8s \u00e0 ses donn\u00e9es personnelles, ainsi que leur rectification et leur annulation ou leur oubli. L&rsquo;int\u00e9ress\u00e9 a \u00e9galement le droit de demander la portabilit\u00e9 des donn\u00e9es, la limitation du traitement ou de s&rsquo;y opposer. En outre, l&rsquo;int\u00e9ress\u00e9 a le droit de prendre connaissance du contenu essentiel des conventions de copropri\u00e9t\u00e9.<br>Pour les traitements bas\u00e9s sur le consentement, l&rsquo;int\u00e9ress\u00e9 a le droit de retirer son consentement \u00e0 tout moment, sans pr\u00e9judice de la lic\u00e9it\u00e9 du traitement bas\u00e9 sur le consentement donn\u00e9 avant le retrait. Pour exercer vos droits ou demander des informations compl\u00e9mentaires, l&rsquo;int\u00e9ress\u00e9 peut contacter le Propri\u00e9taire en utilisant les coordonn\u00e9es ci-dessus.<\/td><\/tr><tr><td class=\"has-text-align-center\" data-align=\"center\"><strong><strong>Plainte Garant<\/strong><\/strong><br><img loading=\"lazy\" decoding=\"async\" width=\"80\" height=\"80\" class=\"wp-image-8243\" style=\"width: 80px;\" src=\"https:\/\/www.thesisitalia.com\/wp-content\/uploads\/sites\/3\/2025\/03\/reclamo.png\" alt=\"\"><\/td><td>L\u2019int\u00e9ress\u00e9 peut \u00e9galement d\u00e9poser une plainte aupr\u00e8s de l\u2019Autorit\u00e9 pour la protection des donn\u00e9es personnelles, situ\u00e9e Piazza Venezia 11, 00187 \u2013 Rome \u2013 protocollo@pec.gdpd.it<\/td><\/tr><tr><td class=\"has-text-align-center\" data-align=\"center\"><strong><strong>Utilisation du site par des mineurs<\/strong><\/strong><\/td><td>Le site et les services associ\u00e9s ne s&rsquo;adressent pas aux mineurs ; par cons\u00e9quent, aucune information personnelle ne sera collect\u00e9e aupr\u00e8s d&rsquo;eux. Si nous apprenons la collecte \u00e0 l\u2019insu de donn\u00e9es provenant de mineurs ou concernant des mineurs, le propri\u00e9taire du site prendra des mesures raisonnables pour les supprimer d\u00e8s que possible, \u00e0 moins qu\u2019il n\u2019existe une obligation l\u00e9gale de les conserver. Le Site examinera tout rapport de collecte involontaire d\u2019informations aupr\u00e8s d\u2019un mineur ou concernant un mineur\u00a0; l&rsquo;utilisateur s&rsquo;engage \u00e0 ne pas saisir de donn\u00e9es concernant des mineurs et \u00e0 signaler toute collecte accidentelle r\u00e9sultant de l&rsquo;utilisation de nos services .<\/td><\/tr><tr><td class=\"has-text-align-center\" data-align=\"center\"><strong><strong>Mise \u00e0 jour des informations<\/strong><\/strong><\/td><td>Le propri\u00e9taire se r\u00e9serve le droit d&rsquo;apporter des modifications \u00e0 cette politique de confidentialit\u00e9 \u00e0 tout moment, en informant les utilisateurs sur cette page. Les visiteurs sont donc invit\u00e9s \u00e0 consulter souvent cette page, en prenant comme r\u00e9f\u00e9rence la date de la derni\u00e8re modification indiqu\u00e9e en bas.<\/td><\/tr><\/tbody><\/table><\/figure>\n\n\n\n<p>Derni\u00e8re mise \u00e0 jour le 02\/10\/2025<\/p>\n","protected":false},"excerpt":{"rendered":"<p>INFORMATIONS SUR LE TRAITEMENT DES DONN\u00c9ES PERSONNELLES(articles 13 et 14 du r\u00e8glement UE 2016\/679 et d\u00e9cret l\u00e9gislatif 196\/2003 et modifications ult\u00e9rieures ) Cher utilisateur, Ci-dessous, nous vous fournissons quelques informations qu&rsquo;il est n\u00e9cessaire de porter \u00e0 votre connaissance, non seulement pour respecter les obligations l\u00e9gales, mais aussi parce que la transparence et l&rsquo;\u00e9quit\u00e9 envers les&hellip;<\/p>\n","protected":false},"author":11725,"featured_media":0,"parent":7505,"menu_order":0,"comment_status":"closed","ping_status":"closed","template":"","meta":{"_acf_changed":false,"footnotes":""},"class_list":["post-7407","page","type-page","status-publish","hentry","description-off"],"acf":[],"_links":{"self":[{"href":"https:\/\/www.thesisitalia.com\/fr\/wp-json\/wp\/v2\/pages\/7407","targetHints":{"allow":["GET"]}}],"collection":[{"href":"https:\/\/www.thesisitalia.com\/fr\/wp-json\/wp\/v2\/pages"}],"about":[{"href":"https:\/\/www.thesisitalia.com\/fr\/wp-json\/wp\/v2\/types\/page"}],"author":[{"embeddable":true,"href":"https:\/\/www.thesisitalia.com\/fr\/wp-json\/wp\/v2\/users\/11725"}],"replies":[{"embeddable":true,"href":"https:\/\/www.thesisitalia.com\/fr\/wp-json\/wp\/v2\/comments?post=7407"}],"version-history":[{"count":3,"href":"https:\/\/www.thesisitalia.com\/fr\/wp-json\/wp\/v2\/pages\/7407\/revisions"}],"predecessor-version":[{"id":8270,"href":"https:\/\/www.thesisitalia.com\/fr\/wp-json\/wp\/v2\/pages\/7407\/revisions\/8270"}],"up":[{"embeddable":true,"href":"https:\/\/www.thesisitalia.com\/fr\/wp-json\/wp\/v2\/pages\/7505"}],"wp:attachment":[{"href":"https:\/\/www.thesisitalia.com\/fr\/wp-json\/wp\/v2\/media?parent=7407"}],"curies":[{"name":"wp","href":"https:\/\/api.w.org\/{rel}","templated":true}]}}