	{"id":477,"date":"2017-09-26T17:30:11","date_gmt":"2017-09-26T15:30:11","guid":{"rendered":"http:\/\/demowp001.stamyna.com\/thesis\/?page_id=477\/"},"modified":"2024-09-05T08:49:49","modified_gmt":"2024-09-05T06:49:49","slug":"tarif-public","status":"publish","type":"page","link":"https:\/\/www.thesisitalia.com\/fr\/documentation\/tarif-public\/","title":{"rendered":"Tarif Public"},"content":{"rendered":"Vous devez \u00eatre connect\u00e9 pour voir ce contenu.","protected":false},"excerpt":{"rendered":"Vous devez \u00eatre connect\u00e9 pour voir ce contenu.","protected":false},"author":1,"featured_media":0,"parent":450,"menu_order":0,"comment_status":"closed","ping_status":"closed","template":"page-template-documentazione.php","meta":{"_acf_changed":false,"footnotes":""},"class_list":["post-477","page","type-page","status-publish","hentry","description-off"],"acf":[],"_links":{"self":[{"href":"https:\/\/www.thesisitalia.com\/fr\/wp-json\/wp\/v2\/pages\/477","targetHints":{"allow":["GET"]}}],"collection":[{"href":"https:\/\/www.thesisitalia.com\/fr\/wp-json\/wp\/v2\/pages"}],"about":[{"href":"https:\/\/www.thesisitalia.com\/fr\/wp-json\/wp\/v2\/types\/page"}],"author":[{"embeddable":true,"href":"https:\/\/www.thesisitalia.com\/fr\/wp-json\/wp\/v2\/users\/1"}],"replies":[{"embeddable":true,"href":"https:\/\/www.thesisitalia.com\/fr\/wp-json\/wp\/v2\/comments?post=477"}],"version-history":[{"count":16,"href":"https:\/\/www.thesisitalia.com\/fr\/wp-json\/wp\/v2\/pages\/477\/revisions"}],"predecessor-version":[{"id":7272,"href":"https:\/\/www.thesisitalia.com\/fr\/wp-json\/wp\/v2\/pages\/477\/revisions\/7272"}],"up":[{"embeddable":true,"href":"https:\/\/www.thesisitalia.com\/fr\/wp-json\/wp\/v2\/pages\/450"}],"wp:attachment":[{"href":"https:\/\/www.thesisitalia.com\/fr\/wp-json\/wp\/v2\/media?parent=477"}],"curies":[{"name":"wp","href":"https:\/\/api.w.org\/{rel}","templated":true}]}}