	{"id":1091,"date":"2017-09-27T09:18:49","date_gmt":"2017-09-27T07:18:49","guid":{"rendered":"https:\/\/www.thesisitalia.com\/documentation\/busqueda-despiece\/"},"modified":"2021-06-15T17:52:29","modified_gmt":"2021-06-15T15:52:29","slug":"recherche-vue-eclatee","status":"publish","type":"page","link":"https:\/\/www.thesisitalia.com\/fr\/documentation\/recherche-vue-eclatee\/","title":{"rendered":"Recherche Vue Eclat\u00e9e"},"content":{"rendered":"Vous devez \u00eatre connect\u00e9 pour voir ce contenu.","protected":false},"excerpt":{"rendered":"Vous devez \u00eatre connect\u00e9 pour voir ce contenu.","protected":false},"author":1,"featured_media":0,"parent":450,"menu_order":0,"comment_status":"closed","ping_status":"closed","template":"page-template-documentazione.php","meta":{"_acf_changed":false,"footnotes":""},"class_list":["post-1091","page","type-page","status-publish","hentry","description-off"],"acf":[],"_links":{"self":[{"href":"https:\/\/www.thesisitalia.com\/fr\/wp-json\/wp\/v2\/pages\/1091","targetHints":{"allow":["GET"]}}],"collection":[{"href":"https:\/\/www.thesisitalia.com\/fr\/wp-json\/wp\/v2\/pages"}],"about":[{"href":"https:\/\/www.thesisitalia.com\/fr\/wp-json\/wp\/v2\/types\/page"}],"author":[{"embeddable":true,"href":"https:\/\/www.thesisitalia.com\/fr\/wp-json\/wp\/v2\/users\/1"}],"replies":[{"embeddable":true,"href":"https:\/\/www.thesisitalia.com\/fr\/wp-json\/wp\/v2\/comments?post=1091"}],"version-history":[{"count":5,"href":"https:\/\/www.thesisitalia.com\/fr\/wp-json\/wp\/v2\/pages\/1091\/revisions"}],"predecessor-version":[{"id":2222,"href":"https:\/\/www.thesisitalia.com\/fr\/wp-json\/wp\/v2\/pages\/1091\/revisions\/2222"}],"up":[{"embeddable":true,"href":"https:\/\/www.thesisitalia.com\/fr\/wp-json\/wp\/v2\/pages\/450"}],"wp:attachment":[{"href":"https:\/\/www.thesisitalia.com\/fr\/wp-json\/wp\/v2\/media?parent=1091"}],"curies":[{"name":"wp","href":"https:\/\/api.w.org\/{rel}","templated":true}]}}