	{"id":1028,"date":"2018-03-26T10:36:43","date_gmt":"2018-03-26T08:36:43","guid":{"rendered":"http:\/\/thesisitalia.com\/?page_id=1028"},"modified":"2020-02-10T16:05:35","modified_gmt":"2020-02-10T15:05:35","slug":"manuel-technique-lave-vaisselle-up","status":"publish","type":"page","link":"https:\/\/www.thesisitalia.com\/fr\/documentation\/manuel-technique-lave-vaisselle-up\/","title":{"rendered":"Manuel technique lave-vaisselle UP"},"content":{"rendered":"Vous devez \u00eatre connect\u00e9 pour voir ce contenu.","protected":false},"excerpt":{"rendered":"Vous devez \u00eatre connect\u00e9 pour voir ce contenu.","protected":false},"author":3,"featured_media":0,"parent":450,"menu_order":3,"comment_status":"closed","ping_status":"closed","template":"page-template-documentazione.php","meta":{"_acf_changed":false,"footnotes":""},"class_list":["post-1028","page","type-page","status-publish","hentry","description-off"],"acf":[],"_links":{"self":[{"href":"https:\/\/www.thesisitalia.com\/fr\/wp-json\/wp\/v2\/pages\/1028","targetHints":{"allow":["GET"]}}],"collection":[{"href":"https:\/\/www.thesisitalia.com\/fr\/wp-json\/wp\/v2\/pages"}],"about":[{"href":"https:\/\/www.thesisitalia.com\/fr\/wp-json\/wp\/v2\/types\/page"}],"author":[{"embeddable":true,"href":"https:\/\/www.thesisitalia.com\/fr\/wp-json\/wp\/v2\/users\/3"}],"replies":[{"embeddable":true,"href":"https:\/\/www.thesisitalia.com\/fr\/wp-json\/wp\/v2\/comments?post=1028"}],"version-history":[{"count":8,"href":"https:\/\/www.thesisitalia.com\/fr\/wp-json\/wp\/v2\/pages\/1028\/revisions"}],"predecessor-version":[{"id":1736,"href":"https:\/\/www.thesisitalia.com\/fr\/wp-json\/wp\/v2\/pages\/1028\/revisions\/1736"}],"up":[{"embeddable":true,"href":"https:\/\/www.thesisitalia.com\/fr\/wp-json\/wp\/v2\/pages\/450"}],"wp:attachment":[{"href":"https:\/\/www.thesisitalia.com\/fr\/wp-json\/wp\/v2\/media?parent=1028"}],"curies":[{"name":"wp","href":"https:\/\/api.w.org\/{rel}","templated":true}]}}