	{"id":800,"date":"2017-09-30T07:44:13","date_gmt":"2017-09-30T05:44:13","guid":{"rendered":"http:\/\/thesisitalia.com\/catalogo\/system-line\/"},"modified":"2017-10-24T14:24:10","modified_gmt":"2017-10-24T12:24:10","slug":"system-line","status":"publish","type":"page","link":"https:\/\/www.thesisitalia.com\/es\/catalogo\/system-line\/","title":{"rendered":"SYSTEM line"},"content":{"rendered":"<div class=\"wpb-content-wrapper\"><p>[vc_row][vc_column width=\u00bb1\/3&#8243;]<div class=\"dt-fancy-separator title-left h1-size style-disabled\" style=\"width: 100%;\"><div class=\"dt-fancy-title\" style=\"color: #0ea1e6;\"><span class=\"separator-holder separator-left\"><\/span>SYSTEM line<span class=\"separator-holder separator-right\"><\/span><\/div><\/div>[\/vc_column][vc_column width=\u00bb2\/3&#8243;][vc_column_text]La l\u00ednea <strong>SYSTEM <\/strong>ha sido dise\u00f1ada para satisfacer las necesidades de cada cliente gracias a los diferentes accesorios que se pueden instalar; logra combinar\u00a0<strong>grandes cargas de trabajo y optimiza los espacios<\/strong>\u00a0a disposici\u00f3n, lo que simplifica el trabajo del operador y reduce los consumos. Los modelos de esta l\u00ednea est\u00e1n equipados con un\u00a0<strong>doble sistema de filtraci\u00f3n<\/strong>\u00a0que retiene todos los residuos, y cuentan con bombas de lavado verticales y brazos de lavado de acero inoxidable que garantizan\u00a0<strong>elevadas prestaciones<\/strong>. Evolution tambi\u00e9n est\u00e1 equipada con\u00a0<strong>puertas compensadas con doble pared<\/strong>\u00a0y sistema antica\u00eddas y con\u00a0<strong>tanques moldeados y redondeados.<\/strong>[\/vc_column_text][\/vc_column][\/vc_row]<\/p>\n<\/div>","protected":false},"excerpt":{"rendered":"<p>[vc_row][vc_column width=\u00bb1\/3&#8243;][\/vc_column][vc_column width=\u00bb2\/3&#8243;][vc_column_text]La l\u00ednea SYSTEM ha sido dise\u00f1ada para satisfacer las necesidades de cada cliente gracias a los diferentes accesorios que se pueden instalar; logra combinar\u00a0grandes cargas de trabajo y optimiza los espacios\u00a0a disposici\u00f3n, lo que simplifica el trabajo del operador y reduce los consumos. Los modelos de esta l\u00ednea est\u00e1n equipados con un\u00a0doble sistema&hellip;<\/p>\n","protected":false},"author":1,"featured_media":0,"parent":711,"menu_order":0,"comment_status":"closed","ping_status":"closed","template":"tax-linea.php","meta":{"_acf_changed":false,"footnotes":""},"class_list":["post-800","page","type-page","status-publish","hentry","description-off"],"acf":[],"_links":{"self":[{"href":"https:\/\/www.thesisitalia.com\/es\/wp-json\/wp\/v2\/pages\/800","targetHints":{"allow":["GET"]}}],"collection":[{"href":"https:\/\/www.thesisitalia.com\/es\/wp-json\/wp\/v2\/pages"}],"about":[{"href":"https:\/\/www.thesisitalia.com\/es\/wp-json\/wp\/v2\/types\/page"}],"author":[{"embeddable":true,"href":"https:\/\/www.thesisitalia.com\/es\/wp-json\/wp\/v2\/users\/1"}],"replies":[{"embeddable":true,"href":"https:\/\/www.thesisitalia.com\/es\/wp-json\/wp\/v2\/comments?post=800"}],"version-history":[{"count":1,"href":"https:\/\/www.thesisitalia.com\/es\/wp-json\/wp\/v2\/pages\/800\/revisions"}],"predecessor-version":[{"id":801,"href":"https:\/\/www.thesisitalia.com\/es\/wp-json\/wp\/v2\/pages\/800\/revisions\/801"}],"up":[{"embeddable":true,"href":"https:\/\/www.thesisitalia.com\/es\/wp-json\/wp\/v2\/pages\/711"}],"wp:attachment":[{"href":"https:\/\/www.thesisitalia.com\/es\/wp-json\/wp\/v2\/media?parent=800"}],"curies":[{"name":"wp","href":"https:\/\/api.w.org\/{rel}","templated":true}]}}