	{"id":779,"date":"2017-09-30T07:40:19","date_gmt":"2017-09-30T05:40:19","guid":{"rendered":"http:\/\/thesisitalia.com\/catalogo\/steel-line\/"},"modified":"2017-10-24T12:03:22","modified_gmt":"2017-10-24T10:03:22","slug":"steel-line","status":"publish","type":"page","link":"https:\/\/www.thesisitalia.com\/es\/catalogo\/steel-line\/","title":{"rendered":"STEEL line"},"content":{"rendered":"<div class=\"wpb-content-wrapper\"><p>[vc_row][vc_column width=\u00bb1\/3&#8243;]<div class=\"dt-fancy-separator title-left h1-size style-disabled\" style=\"width: 100%;\"><div class=\"dt-fancy-title\" style=\"color: #a7cd3a;\"><span class=\"separator-holder separator-left\"><\/span>STEEL line<span class=\"separator-holder separator-right\"><\/span><\/div><\/div>[\/vc_column][vc_column width=\u00bb2\/3&#8243;][vc_column_text]Los modelos de la l\u00ednea\u00a0<strong>STEEL<\/strong> est\u00e1n equipados con un\u00a0<strong>descalcificador autom\u00e1tico<\/strong>\u00a0que ofrece la posibilidad de reducir con extrema eficacia la formaci\u00f3n de dep\u00f3sitos de cal. De hecho, el descalcificador es completamente\u00a0<strong>aut\u00f3nomo<\/strong>\u00a0y regula autom\u00e1ticamente sus intervalos de regeneraci\u00f3n en funci\u00f3n de la dureza del agua de entrada; usted solo debe llenar el dep\u00f3sito de sal cada vez que en la pantalla aparezca el mensaje de \u00abfalta sal\u00bb. La regeneraci\u00f3n de las resinas se realiza durante los ciclos de lavado, por lo tanto, no es necesario realizar una parada de la m\u00e1quina.[\/vc_column_text][\/vc_column][\/vc_row]<\/p>\n<\/div>","protected":false},"excerpt":{"rendered":"<p>[vc_row][vc_column width=\u00bb1\/3&#8243;][\/vc_column][vc_column width=\u00bb2\/3&#8243;][vc_column_text]Los modelos de la l\u00ednea\u00a0STEEL est\u00e1n equipados con un\u00a0descalcificador autom\u00e1tico\u00a0que ofrece la posibilidad de reducir con extrema eficacia la formaci\u00f3n de dep\u00f3sitos de cal. De hecho, el descalcificador es completamente\u00a0aut\u00f3nomo\u00a0y regula autom\u00e1ticamente sus intervalos de regeneraci\u00f3n en funci\u00f3n de la dureza del agua de entrada; usted solo debe llenar el dep\u00f3sito de sal&hellip;<\/p>\n","protected":false},"author":1,"featured_media":0,"parent":711,"menu_order":0,"comment_status":"closed","ping_status":"closed","template":"tax-linea.php","meta":{"_acf_changed":false,"footnotes":""},"class_list":["post-779","page","type-page","status-publish","hentry","description-off"],"acf":[],"_links":{"self":[{"href":"https:\/\/www.thesisitalia.com\/es\/wp-json\/wp\/v2\/pages\/779","targetHints":{"allow":["GET"]}}],"collection":[{"href":"https:\/\/www.thesisitalia.com\/es\/wp-json\/wp\/v2\/pages"}],"about":[{"href":"https:\/\/www.thesisitalia.com\/es\/wp-json\/wp\/v2\/types\/page"}],"author":[{"embeddable":true,"href":"https:\/\/www.thesisitalia.com\/es\/wp-json\/wp\/v2\/users\/1"}],"replies":[{"embeddable":true,"href":"https:\/\/www.thesisitalia.com\/es\/wp-json\/wp\/v2\/comments?post=779"}],"version-history":[{"count":2,"href":"https:\/\/www.thesisitalia.com\/es\/wp-json\/wp\/v2\/pages\/779\/revisions"}],"predecessor-version":[{"id":781,"href":"https:\/\/www.thesisitalia.com\/es\/wp-json\/wp\/v2\/pages\/779\/revisions\/781"}],"up":[{"embeddable":true,"href":"https:\/\/www.thesisitalia.com\/es\/wp-json\/wp\/v2\/pages\/711"}],"wp:attachment":[{"href":"https:\/\/www.thesisitalia.com\/es\/wp-json\/wp\/v2\/media?parent=779"}],"curies":[{"name":"wp","href":"https:\/\/api.w.org\/{rel}","templated":true}]}}