	{"id":754,"date":"2017-09-30T07:41:44","date_gmt":"2017-09-30T05:41:44","guid":{"rendered":"http:\/\/thesisitalia.com\/catalogo\/handy-line\/"},"modified":"2019-07-16T16:45:46","modified_gmt":"2019-07-16T14:45:46","slug":"handy-line","status":"publish","type":"page","link":"https:\/\/www.thesisitalia.com\/es\/catalogo\/handy-line\/","title":{"rendered":"HANDY line"},"content":{"rendered":"<div class=\"wpb-content-wrapper\"><p>[vc_row][vc_column width=\u00bb1\/3&#8243;]<div class=\"dt-fancy-separator title-left h1-size style-disabled\" style=\"width: 100%;\"><div class=\"dt-fancy-title\" style=\"color: #0b4fa2;\"><span class=\"separator-holder separator-left\"><\/span>HANDY line<span class=\"separator-holder separator-right\"><\/span><\/div><\/div>[\/vc_column][vc_column width=\u00bb2\/3&#8243;][vc_column_text]<\/p>\n<p class=\"p1\">La l\u00ednea<strong>\u00a0HANDY<\/strong> se distingue por su amplia gama de modelos adecuados para cada situaci\u00f3n. El sistema de control mediante la simple tarjeta electr\u00f3nica permite configurar y controlar los tiempos y las temperaturas de enjuague y de descarga y los correspondientes Termostop, fundamentales para garantizar un \u00f3ptimo resultado final. Con el panel de mandos puede escoger uno de los 4 ciclos de lavado y un ciclo de descarga autom\u00e1tica (con bomba de descarga instalada), visualizar f\u00e1cilmente la temperatura del dep\u00f3sito y del calentador, los mensajes del sistema de Diagn\u00f3stico autom\u00e1tico y el aviso de Mantenimiento Programado, en el display. El bot\u00f3n Start inteligente al cambiar de color nos mantiene siempre actualizados sobre el estado del lavavajillas, f\u00e1cilmente.<\/p>\n<p>[\/vc_column_text][\/vc_column][\/vc_row]<\/p>\n<\/div>","protected":false},"excerpt":{"rendered":"<p>[vc_row][vc_column width=\u00bb1\/3&#8243;][\/vc_column][vc_column width=\u00bb2\/3&#8243;][vc_column_text] La l\u00ednea\u00a0HANDY se distingue por su amplia gama de modelos adecuados para cada situaci\u00f3n. El sistema de control mediante la simple tarjeta electr\u00f3nica permite configurar y controlar los tiempos y las temperaturas de enjuague y de descarga y los correspondientes Termostop, fundamentales para garantizar un \u00f3ptimo resultado final. Con el panel de&hellip;<\/p>\n","protected":false},"author":1,"featured_media":0,"parent":711,"menu_order":0,"comment_status":"closed","ping_status":"closed","template":"tax-linea.php","meta":{"_acf_changed":false,"footnotes":""},"class_list":["post-754","page","type-page","status-publish","hentry","description-off"],"acf":[],"_links":{"self":[{"href":"https:\/\/www.thesisitalia.com\/es\/wp-json\/wp\/v2\/pages\/754","targetHints":{"allow":["GET"]}}],"collection":[{"href":"https:\/\/www.thesisitalia.com\/es\/wp-json\/wp\/v2\/pages"}],"about":[{"href":"https:\/\/www.thesisitalia.com\/es\/wp-json\/wp\/v2\/types\/page"}],"author":[{"embeddable":true,"href":"https:\/\/www.thesisitalia.com\/es\/wp-json\/wp\/v2\/users\/1"}],"replies":[{"embeddable":true,"href":"https:\/\/www.thesisitalia.com\/es\/wp-json\/wp\/v2\/comments?post=754"}],"version-history":[{"count":4,"href":"https:\/\/www.thesisitalia.com\/es\/wp-json\/wp\/v2\/pages\/754\/revisions"}],"predecessor-version":[{"id":1603,"href":"https:\/\/www.thesisitalia.com\/es\/wp-json\/wp\/v2\/pages\/754\/revisions\/1603"}],"up":[{"embeddable":true,"href":"https:\/\/www.thesisitalia.com\/es\/wp-json\/wp\/v2\/pages\/711"}],"wp:attachment":[{"href":"https:\/\/www.thesisitalia.com\/es\/wp-json\/wp\/v2\/media?parent=754"}],"curies":[{"name":"wp","href":"https:\/\/api.w.org\/{rel}","templated":true}]}}