	{"id":7415,"date":"2024-10-10T09:17:42","date_gmt":"2024-10-10T07:17:42","guid":{"rendered":"https:\/\/www.thesisitalia.com\/?page_id=7415"},"modified":"2025-03-12T16:59:56","modified_gmt":"2025-03-12T15:59:56","slug":"informativa-al-trattamento-dei-dati-personali-dellutente","status":"publish","type":"page","link":"https:\/\/www.thesisitalia.com\/es\/privacy-policy-2\/informativa-al-trattamento-dei-dati-personali-dellutente\/","title":{"rendered":"INFORMACI\u00d3N SOBRE EL TRATAMIENTO DE DATOS PERSONALES"},"content":{"rendered":"\n<p><\/p>\n\n\n\n<h4 class=\"wp-block-heading has-text-align-center\"><strong>INFORMACI\u00d3N SOBRE EL TRATAMIENTO DE DATOS PERSONALES<br><\/strong><em>(art\u00edculos 13 y 14 del Reglamento UE 2016\/679 y Decreto Legislativo 196\/2003 y modificaciones posteriores )<\/em><em><\/em><\/h4>\n\n\n\n<p class=\"has-text-align-center\"><\/p>\n\n\n\n<p class=\"has-text-align-center\"><\/p>\n\n\n\n<p>Estimado usuario,<\/p>\n\n\n\n<p>A continuaci\u00f3n ponemos a su disposici\u00f3n cierta informaci\u00f3n que es necesario poner en su conocimiento, no s\u00f3lo para cumplir con las obligaciones legales, sino tambi\u00e9n porque la transparencia y la equidad hacia las partes interesadas es parte fundamental de nuestro negocio.<\/p>\n\n\n\n<p>Esta informaci\u00f3n describe las modalidades de tratamiento de los datos personales de los usuarios que consultan este sitio web, accesible electr\u00f3nicamente en la siguiente direcci\u00f3n <strong>https:\/\/www.thesisitalia.com\/ <\/strong>.<\/p>\n\n\n\n<p>Esta informaci\u00f3n no concierne a otros sitios, p\u00e1ginas o servicios en l\u00ednea a los que se pueda acceder mediante enlaces de hipertexto que puedan publicarse en el sitio pero que remiten a recursos externos a este dominio.<\/p>\n\n\n\n<figure class=\"wp-block-table\"><table><tbody><tr><td class=\"has-text-align-center\" data-align=\"center\"><strong><strong>Responsable del tratamiento de datos<\/strong><\/strong><br><img loading=\"lazy\" decoding=\"async\" width=\"90\" height=\"90\" class=\"wp-image-8250\" style=\"width: 90px;\" src=\"https:\/\/www.thesisitalia.com\/wp-content\/uploads\/sites\/3\/2025\/03\/titolare-del-trattamento.png\" alt=\"\"><\/td><td>El Responsable del tratamiento de datos (la entidad que decide los fines y m\u00e9todos del tratamiento de sus datos personales) es <strong>Krupps Srl<\/strong><br><strong>IVA <\/strong>: 04251180289<br><strong>Sitio <\/strong>:V\u00eda Austria 19 \u2013 35127, Padua (PD) \u2013 Italia<br><strong>Tel\u00e9fono <\/strong>: 049 7625156<br><strong>Correo electr\u00f3nico <\/strong>: <a href=\"mailto:privacy@krupps.com\">privacy@krupps.com <\/a>, krupps@pec.it<br>\u00a0<br>Para los tratamientos que incluyen la publicaci\u00f3n de contenidos en redes sociales, el <strong>Responsable del Tratamiento <\/strong>ha celebrado acuerdos tipo de copropiedad con los titulares de las plataformas sociales.<\/td><\/tr><tr><td class=\"has-text-align-center\" data-align=\"center\"><strong>DPO<\/strong><br><img loading=\"lazy\" decoding=\"async\" width=\"90\" height=\"90\" class=\"wp-image-8222\" style=\"width: 90px;\" src=\"https:\/\/www.thesisitalia.com\/wp-content\/uploads\/sites\/3\/2025\/03\/DPO.png\" alt=\"\"><\/td><td>Puede contactar con el Delegado de Protecci\u00f3n de Datos (DPD) en las siguientes direcciones:<br><strong>Correo electr\u00f3nico : <\/strong>dpo@krupps.com\u00a0\u00a0\u00a0\u00a0\u00a0\u00a0\u00a0<br><strong>PEC: <\/strong>dataprotectionofficer@pec.it<\/td><\/tr><tr><td class=\"has-text-align-center\" data-align=\"center\"><strong><strong>Categor\u00edas de datos<\/strong><\/strong><br><img loading=\"lazy\" decoding=\"async\" width=\"90\" height=\"90\" class=\"wp-image-8187\" style=\"width: 90px;\" src=\"https:\/\/www.thesisitalia.com\/wp-content\/uploads\/sites\/3\/2025\/03\/cATEGORIE-DI-DATI.png\" alt=\"\"><\/td><td>&#8211; Datos relativos a la prestaci\u00f3n de un servicio de comunicaciones electr\u00f3nicas: datos de tr\u00e1fico, datos relativos a la navegaci\u00f3n en Internet, direcciones IP o nombres de dominio de los ordenadores utilizados por los usuarios que se conectan al sitio; hora de la solicitud; m\u00e9todo utilizado para enviar la solicitud al servidor; c\u00f3digo num\u00e9rico que indica el estado de la respuesta dada por el servidor (exitosa, error, etc.); otros par\u00e1metros relativos al sistema operativo y al navegador utilizado por el usuario<br>&#8211; Datos personales, de contacto y de direcci\u00f3n;<br>&#8211; Datos de inicio de sesi\u00f3n y autenticaci\u00f3n;<br>&#8211; Cualquier otro dato que sea facilitado voluntariamente por el usuario al Responsable del Tratamiento<\/td><\/tr><tr><td class=\"has-text-align-center\" data-align=\"center\"><strong><strong>Fuente de datos<\/strong><\/strong><br><img loading=\"lazy\" decoding=\"async\" width=\"90\" height=\"90\" class=\"wp-image-8236\" style=\"width: 90px;\" src=\"https:\/\/www.thesisitalia.com\/wp-content\/uploads\/sites\/3\/2025\/03\/FONTE-DI-DATI.png\" alt=\"\"><\/td><td>Los datos personales se recogen del interesado durante la navegaci\u00f3n (ver tambi\u00e9n tabla de cookies) o a trav\u00e9s de comunicaciones enviadas por el mismo y\/o de fuentes de acceso p\u00fablico, por ejemplo: redes sociales.<\/td><\/tr><tr><td class=\"has-text-align-center\" data-align=\"center\"><strong>Concesi\u00f3n<\/strong><img loading=\"lazy\" decoding=\"async\" width=\"130\" height=\"130\" class=\"wp-image-8201\" style=\"width: 130px;\" src=\"https:\/\/www.thesisitalia.com\/wp-content\/uploads\/sites\/3\/2025\/03\/Conferimento.png\" alt=\"\"><\/td><td>Cuando se indique, el suministro de sus datos es un requisito necesario para perseguir las finalidades que se indican a continuaci\u00f3n. Por lo tanto, en caso de no facilitarnos dichos datos, no podremos llevar a cabo el tratamiento relacionado.<\/td><\/tr><\/tbody><\/table><\/figure>\n\n\n\n<p><strong>Tratos<\/strong><\/p>\n\n\n\n<p>Sus datos personales se recogen y procesan mediante m\u00e9todos automatizados, semiautomatizados y no automatizados, tal y como se especifica a continuaci\u00f3n:<\/p>\n\n\n\n<figure class=\"wp-block-table\"><table class=\"has-fixed-layout\"><tbody><tr><td class=\"has-text-align-center\" data-align=\"center\"><strong><strong>Objetivo<\/strong><\/strong><br><img loading=\"lazy\" decoding=\"async\" width=\"90\" height=\"76\" class=\"wp-image-8229\" style=\"width: 90px;\" src=\"https:\/\/www.thesisitalia.com\/wp-content\/uploads\/sites\/3\/2025\/03\/finalita.png\" alt=\"\"><\/td><td class=\"has-text-align-center\" data-align=\"center\"><strong><strong>Base legal<\/strong><\/strong><br><img loading=\"lazy\" decoding=\"async\" width=\"90\" height=\"90\" class=\"wp-image-8180\" style=\"width: 90px;\" src=\"https:\/\/www.thesisitalia.com\/wp-content\/uploads\/sites\/3\/2025\/03\/base-giuridica.png\" alt=\"\"><\/td><td class=\"has-text-align-center\" data-align=\"center\"><strong><strong>Conservaci\u00f3n*<\/strong><\/strong><br><img loading=\"lazy\" decoding=\"async\" width=\"90\" height=\"83\" class=\"wp-image-8208\" style=\"width: 90px;\" src=\"https:\/\/www.thesisitalia.com\/wp-content\/uploads\/sites\/3\/2025\/03\/conservazione.png\" alt=\"\"><\/td><\/tr><tr><td class=\"has-text-align-center\" data-align=\"center\">Permitir el uso completo de las funciones del sitio web<\/td><td class=\"has-text-align-center\" data-align=\"center\">Medidas precontractuales o contractuales (realizar el servicio o prestaci\u00f3n solicitada)<\/td><td class=\"has-text-align-center\" data-align=\"center\">La duraci\u00f3n est\u00e1 relacionada con la cookie individual y se puede consultar en la informaci\u00f3n correspondiente.<\/td><\/tr><tr><td class=\"has-text-align-center\" data-align=\"center\">Permitir el an\u00e1lisis del sitio web y su tr\u00e1fico as\u00ed como<br>Optimizaci\u00f3n para garantizar la usabilidad<\/td><td class=\"has-text-align-center\" data-align=\"center\">Consentimiento** a trav\u00e9s del banner de cookies<\/td><td class=\"has-text-align-center\" data-align=\"center\">La duraci\u00f3n est\u00e1 relacionada con la cookie individual y se puede consultar en la informaci\u00f3n correspondiente.<\/td><\/tr><tr><td class=\"has-text-align-center\" data-align=\"center\">Realizar el seguimiento de las solicitudes del interesado y gestionar obligaciones precontractuales o contractuales<\/td><td class=\"has-text-align-center\" data-align=\"center\">Medidas precontractuales o contractuales (realizar el servicio o prestaci\u00f3n solicitada)<\/td><td class=\"has-text-align-center\" data-align=\"center\">10 a\u00f1os a partir del a\u00f1o de la solicitud<\/td><\/tr><tr><td class=\"has-text-align-center\" data-align=\"center\">Env\u00edo de informaci\u00f3n y\/o material publicitario (p. ej. newsletter)<\/td><td class=\"has-text-align-center\" data-align=\"center\">Consentimiento del interesado**<\/td><td class=\"has-text-align-center\" data-align=\"center\">Hasta que se revoque el consentimiento. Entonces el tratamiento se limitar\u00e1 al mero almacenamiento durante 10 a\u00f1os desde el a\u00f1o en que se revoc\u00f3 el consentimiento.<\/td><\/tr><tr><td class=\"has-text-align-center\" data-align=\"center\">Gestionar las obligaciones en materia de protecci\u00f3n de datos personales<\/td><td class=\"has-text-align-center\" data-align=\"center\">Cumplimiento de una obligaci\u00f3n legal<\/td><td class=\"has-text-align-center\" data-align=\"center\">De acuerdo con los plazos de conservaci\u00f3n previstos para el tratamiento de referencia principal; 10 a\u00f1os desde el a\u00f1o de tramitaci\u00f3n de una solicitud de ejercicio de derechos.<\/td><\/tr><tr><td class=\"has-text-align-center\" data-align=\"center\">Prevenir y\/o detectar cualquier abuso y defender los derechos e intereses del Titular<\/td><td class=\"has-text-align-center\" data-align=\"center\">Inter\u00e9s leg\u00edtimo en proteger sus derechos e intereses ante un tribunal o en las etapas preparatorias de su posible constituci\u00f3n<\/td><td class=\"has-text-align-center\" data-align=\"center\">Hasta el vencimiento del plazo de prescripci\u00f3n, salvo controversia. En este caso, los datos se conservar\u00e1n hasta que se resuelva definitivamente la cuesti\u00f3n objeto del litigio.<\/td><\/tr><tr><td class=\"has-text-align-center\" data-align=\"center\">Gesti\u00f3n y mantenimiento de la red y sistemas inform\u00e1ticos<\/td><td class=\"has-text-align-center\" data-align=\"center\">Seguimiento del inter\u00e9s leg\u00edtimo del Responsable del Tratamiento<\/td><td class=\"has-text-align-center\" data-align=\"center\">En cumplimiento con las implementaciones de seguridad y con lo previsto para el tratamiento de referencia principal; 18 meses para el cumplimiento de las obligaciones de los administradores de sistemas<\/td><\/tr><\/tbody><\/table><\/figure>\n\n\n\n<p>* Adem\u00e1s del tiempo necesario para que se devengue el plazo de prescripci\u00f3n en relaci\u00f3n con los derechos mutuos y el tiempo necesario para conservar las copias de seguridad<\/p>\n\n\n\n<p>** Si no presta su consentimiento, sus datos personales no ser\u00e1n tratados para los fines espec\u00edficos. El consentimiento puede revocarse en cualquier momento contactando al propietario a trav\u00e9s de los datos de contacto anteriores o a trav\u00e9s del banner de cookies.<\/p>\n\n\n\n<figure class=\"wp-block-table\"><table><tbody><tr><td class=\"has-text-align-center\" data-align=\"center\"><strong><strong>Procesos automatizados y elaboraci\u00f3n de perfiles<\/strong><\/strong><\/td><td>Le informamos que para perseguir algunas de las finalidades antes mencionadas utilizamos procesos automatizados (procesos de toma de decisiones realizados mediante el uso de herramientas tecnol\u00f3gicas, sin intervenci\u00f3n humana), incluida la elaboraci\u00f3n de perfiles, es decir, la recopilaci\u00f3n de informaci\u00f3n sobre usted para analizar sus caracter\u00edsticas e insertarlo en categor\u00edas, grupos o para poder realizar evaluaciones, como el env\u00edo de material publicitario personalizado en funci\u00f3n de sus elecciones de consumo anteriores, o previsiones.<\/td><\/tr><tr><td class=\"has-text-align-center\" data-align=\"center\"><strong><strong>Comunicaci\u00f3n de datos<\/strong><\/strong><br><img loading=\"lazy\" decoding=\"async\" width=\"90\" height=\"90\" class=\"wp-image-8194\" style=\"width: 90px;\" src=\"https:\/\/www.thesisitalia.com\/wp-content\/uploads\/sites\/3\/2025\/03\/comunicazione-dei-dati.png\" alt=\"\"><\/td><td>Sus datos podr\u00e1n ser comunicados exclusivamente para necesidades t\u00e9cnicas y operativas estrictamente relacionadas con las finalidades antes mencionadas, a sujetos que tratan los datos bajo la autoridad del titular, designado como autorizado para el tratamiento de conformidad con el art. 29 Reg. UE 2016\/679, a los sujetos que tratan los datos por cuenta del responsable del tratamiento, designados como responsables del tratamiento de conformidad con el art. 28 del Reglamento (UE) 2016\/679, as\u00ed como a organismos p\u00fablicos respecto de los cuales exista obligaci\u00f3n legal de comunicaci\u00f3n.<\/td><\/tr><tr><td class=\"has-text-align-center\" data-align=\"center\"><strong><strong>Transferencia de datos fuera de la UE<\/strong><\/strong><br><img loading=\"lazy\" decoding=\"async\" width=\"90\" height=\"71\" class=\"wp-image-8257\" style=\"width: 90px;\" src=\"https:\/\/www.thesisitalia.com\/wp-content\/uploads\/sites\/3\/2025\/03\/trasferimento-dati-extra-ue.png\" alt=\"\"><\/td><td>Si bien nos comprometemos a elegir servicios que minimicen el procesamiento de datos personales de nuestros usuarios, el procesamiento de datos personales para los fines mencionados anteriormente que implica el uso de cookies y otras herramientas de seguimiento puede implicar la transferencia de algunos datos, solo indirectamente identificativos, a pa\u00edses que se encuentran fuera del territorio de la UE o del Espacio Econ\u00f3mico Europeo (EEE), en particular a los Estados Unidos.<br>Para las finalidades antes descritas as\u00ed como las dem\u00e1s mencionadas anteriormente, los datos personales podr\u00e1n ser transferidos s\u00f3lo en presencia de una de las situaciones previstas en los art\u00edculos. 44 y siguientes. del Reglamento (UE) 2016\/679.<\/td><\/tr><tr><td class=\"has-text-align-center\" data-align=\"center\"><strong><strong>Derechos del interesado<\/strong><\/strong><br><img loading=\"lazy\" decoding=\"async\" width=\"90\" height=\"90\" class=\"wp-image-8215\" style=\"width: 90px;\" src=\"https:\/\/www.thesisitalia.com\/wp-content\/uploads\/sites\/3\/2025\/03\/diritti.png\" alt=\"\"><\/td><td>El interesado tiene derecho, conforme a lo previsto en los art\u00edculos. 15 y siguientes del Reg. UE 2016\/679 a solicitar al Responsable del Tratamiento el acceso a sus datos personales, as\u00ed como su rectificaci\u00f3n y cancelaci\u00f3n u olvido. El interesado tambi\u00e9n tiene derecho a solicitar la portabilidad de los datos, la limitaci\u00f3n del tratamiento o oponerse al mismo. Adem\u00e1s, el interesado tiene derecho a consultar el contenido esencial de los contratos de copropiedad.<br>Para los tratamientos basados en el consentimiento, el interesado tiene derecho a retirar su consentimiento en cualquier momento, sin que ello afecte a la licitud del tratamiento basado en el consentimiento previo a su retirada. Para ejercer sus derechos o solicitar informaci\u00f3n adicional, el interesado podr\u00e1 dirigirse al Titular utilizando los datos de contacto arriba indicados.<\/td><\/tr><tr><td class=\"has-text-align-center\" data-align=\"center\"><strong><strong>Queja del fiador<\/strong><\/strong><br><img loading=\"lazy\" decoding=\"async\" width=\"80\" height=\"80\" class=\"wp-image-8243\" style=\"width: 80px;\" src=\"https:\/\/www.thesisitalia.com\/wp-content\/uploads\/sites\/3\/2025\/03\/reclamo.png\" alt=\"\"><\/td><td>El interesado tambi\u00e9n podr\u00e1 presentar una reclamaci\u00f3n ante la Autoridad de protecci\u00f3n de datos personales, situada en Piazza Venezia 11, 00187 \u2013 Roma \u2013 protocollo@pec.gdpd.it<\/td><\/tr><tr><td class=\"has-text-align-center\" data-align=\"center\"><strong><strong>Uso del sitio por menores de edad<\/strong><\/strong><\/td><td>El sitio y los servicios relacionados no est\u00e1n dirigidos a menores; Por lo tanto, no se recoger\u00e1 ning\u00fan dato personal de ellos. Si nos enteramos de la recopilaci\u00f3n desconocida de informaci\u00f3n de o sobre menores, el Propietario del Sitio tomar\u00e1 medidas razonables para eliminarla lo antes posible, a menos que exista una obligaci\u00f3n legal de conservarla. El Sitio revisar\u00e1 cualquier informe de recopilaci\u00f3n desconocida de informaci\u00f3n de o sobre un menor; El usuario se compromete a no introducir datos relativos a menores de edad y a comunicar cualquier recogida accidental resultante del uso de nuestros servicios .<\/td><\/tr><tr><td class=\"has-text-align-center\" data-align=\"center\"><strong><strong>Actualizaci\u00f3n de informaci\u00f3n<\/strong><\/strong><\/td><td>El Titular se reserva el derecho de realizar cambios a esta pol\u00edtica de privacidad en cualquier momento, notific\u00e1ndolo a los Usuarios en esta p\u00e1gina. Por tanto, se invita a los visitantes a consultar esta p\u00e1gina con frecuencia, tomando como referencia la fecha de la \u00faltima modificaci\u00f3n indicada en la parte inferior.<\/td><\/tr><\/tbody><\/table><\/figure>\n\n\n\n<p>\u00daltima actualizaci\u00f3n 10\/02\/2025<\/p>\n\n\n\n<p><\/p>\n","protected":false},"excerpt":{"rendered":"<p>INFORMACI\u00d3N SOBRE EL TRATAMIENTO DE DATOS PERSONALES(art\u00edculos 13 y 14 del Reglamento UE 2016\/679 y Decreto Legislativo 196\/2003 y modificaciones posteriores ) Estimado usuario, A continuaci\u00f3n ponemos a su disposici\u00f3n cierta informaci\u00f3n que es necesario poner en su conocimiento, no s\u00f3lo para cumplir con las obligaciones legales, sino tambi\u00e9n porque la transparencia y la equidad&hellip;<\/p>\n","protected":false},"author":11725,"featured_media":0,"parent":7523,"menu_order":0,"comment_status":"closed","ping_status":"closed","template":"","meta":{"_acf_changed":false,"footnotes":""},"class_list":["post-7415","page","type-page","status-publish","hentry","description-off"],"acf":[],"_links":{"self":[{"href":"https:\/\/www.thesisitalia.com\/es\/wp-json\/wp\/v2\/pages\/7415","targetHints":{"allow":["GET"]}}],"collection":[{"href":"https:\/\/www.thesisitalia.com\/es\/wp-json\/wp\/v2\/pages"}],"about":[{"href":"https:\/\/www.thesisitalia.com\/es\/wp-json\/wp\/v2\/types\/page"}],"author":[{"embeddable":true,"href":"https:\/\/www.thesisitalia.com\/es\/wp-json\/wp\/v2\/users\/11725"}],"replies":[{"embeddable":true,"href":"https:\/\/www.thesisitalia.com\/es\/wp-json\/wp\/v2\/comments?post=7415"}],"version-history":[{"count":3,"href":"https:\/\/www.thesisitalia.com\/es\/wp-json\/wp\/v2\/pages\/7415\/revisions"}],"predecessor-version":[{"id":8279,"href":"https:\/\/www.thesisitalia.com\/es\/wp-json\/wp\/v2\/pages\/7415\/revisions\/8279"}],"up":[{"embeddable":true,"href":"https:\/\/www.thesisitalia.com\/es\/wp-json\/wp\/v2\/pages\/7523"}],"wp:attachment":[{"href":"https:\/\/www.thesisitalia.com\/es\/wp-json\/wp\/v2\/media?parent=7415"}],"curies":[{"name":"wp","href":"https:\/\/api.w.org\/{rel}","templated":true}]}}