	{"id":395,"date":"2017-09-26T16:30:41","date_gmt":"2017-09-26T14:30:41","guid":{"rendered":"http:\/\/demowp001.stamyna.com\/thesis\/?page_id=395\/"},"modified":"2017-09-26T16:30:41","modified_gmt":"2017-09-26T14:30:41","slug":"ecology-care","status":"publish","type":"page","link":"https:\/\/www.thesisitalia.com\/es\/ecology-care\/","title":{"rendered":"Ecology care"},"content":{"rendered":"<div class=\"wpb-content-wrapper\"><p>[vc_row][vc_column width=\u00bb1\/3&#8243;]<div class=\"dt-fancy-separator title-left h2-size style-disabled\" style=\"width: 100%;\"><div class=\"dt-fancy-title\" style=\"color: #6aacda;\"><span class=\"separator-holder separator-left\"><\/span>Ecology Care<span class=\"separator-holder separator-right\"><\/span><\/div><\/div><div class=\"ult-spacer spacer-6a01ad086b657\" data-id=\"6a01ad086b657\" data-height=\"40\" data-height-mobile=\"20\" data-height-tab=\"40\" data-height-tab-portrait=\"40\" data-height-mobile-landscape=\"20\" style=\"clear:both;display:block;\"><\/div>[\/vc_column][vc_column width=\u00bb1\/3&#8243;][\/vc_column][vc_column width=\u00bb1\/3&#8243;][\/vc_column][\/vc_row][vc_row][vc_column][vc_column_text]Nuestros productos est\u00e1n desarrollados de manera que garantizan el m\u00ednimo impacto en el medio ambiente: mejorando ya sea los procesos de producci\u00f3n que los programas de lavado garantizamos la mejor calidad con el menor empleo de productos qu\u00edmicos y energ\u00eda el\u00e9ctrica.[\/vc_column_text][\/vc_column][\/vc_row][vc_row][vc_column]<a href=\"\/contactos\/\" class=\"btn-shortcode dt-btn-m dt-btn default-btn-color default-btn-hover-color default-btn-bg-color default-btn-bg-hover-color\" id=\"dt-btn-1\"><span>Contactos<\/span><\/a>[\/vc_column][\/vc_row]<\/p>\n<\/div>","protected":false},"excerpt":{"rendered":"<p>[vc_row][vc_column width=\u00bb1\/3&#8243;][\/vc_column][vc_column width=\u00bb1\/3&#8243;][\/vc_column][vc_column width=\u00bb1\/3&#8243;][\/vc_column][\/vc_row][vc_row][vc_column][vc_column_text]Nuestros productos est\u00e1n desarrollados de manera que garantizan el m\u00ednimo impacto en el medio ambiente: mejorando ya sea los procesos de producci\u00f3n que los programas de lavado garantizamos la mejor calidad con el menor empleo de productos qu\u00edmicos y energ\u00eda el\u00e9ctrica.[\/vc_column_text][\/vc_column][\/vc_row][vc_row][vc_column][\/vc_column][\/vc_row]<\/p>\n","protected":false},"author":1,"featured_media":0,"parent":0,"menu_order":0,"comment_status":"closed","ping_status":"closed","template":"","meta":{"_acf_changed":false,"footnotes":""},"class_list":["post-395","page","type-page","status-publish","hentry","description-off"],"acf":[],"_links":{"self":[{"href":"https:\/\/www.thesisitalia.com\/es\/wp-json\/wp\/v2\/pages\/395","targetHints":{"allow":["GET"]}}],"collection":[{"href":"https:\/\/www.thesisitalia.com\/es\/wp-json\/wp\/v2\/pages"}],"about":[{"href":"https:\/\/www.thesisitalia.com\/es\/wp-json\/wp\/v2\/types\/page"}],"author":[{"embeddable":true,"href":"https:\/\/www.thesisitalia.com\/es\/wp-json\/wp\/v2\/users\/1"}],"replies":[{"embeddable":true,"href":"https:\/\/www.thesisitalia.com\/es\/wp-json\/wp\/v2\/comments?post=395"}],"version-history":[{"count":1,"href":"https:\/\/www.thesisitalia.com\/es\/wp-json\/wp\/v2\/pages\/395\/revisions"}],"predecessor-version":[{"id":396,"href":"https:\/\/www.thesisitalia.com\/es\/wp-json\/wp\/v2\/pages\/395\/revisions\/396"}],"wp:attachment":[{"href":"https:\/\/www.thesisitalia.com\/es\/wp-json\/wp\/v2\/media?parent=395"}],"curies":[{"name":"wp","href":"https:\/\/api.w.org\/{rel}","templated":true}]}}