	{"id":7454,"date":"2024-10-10T10:17:05","date_gmt":"2024-10-10T08:17:05","guid":{"rendered":"https:\/\/www.thesisitalia.com\/?page_id=7454"},"modified":"2025-05-02T10:14:05","modified_gmt":"2025-05-02T08:14:05","slug":"cookie-policy-and-third-party-services","status":"publish","type":"page","link":"https:\/\/www.thesisitalia.com\/de\/privacy-policy\/cookie-policy-and-third-party-services\/","title":{"rendered":"Cookie-Richtlinie und Dienste von Drittanbietern"},"content":{"rendered":"\n<p class=\"has-text-align-center\"><strong>INFORMATIONEN ZUR VERARBEITUNG PERSONENBEZOGENER DATEN<br><\/strong><em>(Artikel 13 und 14 der EU-Verordnung 2016\/679 und Gesetzesdekret 196\/2003 und nachfolgende \u00c4nderungen)<\/em><em><\/em><\/p>\n\n\n\n<p>Lieber Nutzer,<\/p>\n\n\n\n<p>Im Folgenden stellen wir Ihnen einige Informationen zur Verf\u00fcgung, die Sie zur Kenntnis nehmen m\u00fcssen, nicht nur zur Einhaltung gesetzlicher Verpflichtungen, sondern auch, weil Transparenz und Fairness gegen\u00fcber Interessenten ein wesentlicher Bestandteil unserer T\u00e4tigkeit sind.<\/p>\n\n\n\n<p>Diese Informationen beschreiben die auf dieser Website verwendeten Cookies und Dienste Dritter, die elektronisch unter der folgenden Adresse zug\u00e4nglich sind <a href=\"https:\/\/www.thesisitalia.com\/de\/\"><strong>www.thesisitalia.com<\/strong><\/a><\/p>\n\n\n\n<p>Diese Informationen betreffen nicht andere Websites, Seiten oder Online-Dienste, die \u00fcber Hypertext-Links erreicht werden k\u00f6nnen, die m\u00f6glicherweise auf der Website ver\u00f6ffentlicht werden, sondern auf Ressourcen au\u00dferhalb dieser Domain verweisen.<\/p>\n\n\n\n<p><strong>Kekse<\/strong><\/p>\n\n\n\n<p>Web-Cookies k\u00f6nnen als kleine Textzeichenfolgen definiert werden, die die von Ihnen besuchten Websites an Ihr Endger\u00e4t (normalerweise an den Browser) senden, wo sie gespeichert werden, bevor sie bei Ihrem n\u00e4chsten Besuch erneut an dieselben Websites \u00fcbertragen werden. Die Website enth\u00e4lt Cookies und\/oder andere \u00e4hnliche IT-Tools, die unten aufgef\u00fchrt sind. Es ist m\u00f6glich, die Installation von Cookies \u00fcber das entsprechende Banner\/Symbol auf der Startseite oder \u00fcber die Einstellungen des verwendeten Browsers oder durch den Besuch der Website youronlinechoises.eu zu akzeptieren, abzulehnen oder zu \u00e4ndern. Durch die \u00c4nderung der Parameter in Bezug auf Cookies kann es zu Einschr\u00e4nkungen in der Darstellung oder den angebotenen Funktionen dieser Website kommen. Die vollst\u00e4ndige Liste der verwendeten Cookies finden Sie im Cookie-Banner und im Pop-up auf jeder Seite der Website.<\/p>\n\n\n\n<p><strong>Dienste Dritter<\/strong><\/p>\n\n\n\n<figure class=\"wp-block-table\"><table class=\"has-fixed-layout\"><tbody><tr><td><strong>SERVICE<\/strong><\/td><td><strong>BESCHREIBUNG<\/strong><\/td><\/tr><tr><td>Google-Schriftarten<\/td><td>Google Fonts ist ein von Google betriebener Dienst zur Visualisierung von Schriftarten<\/td><\/tr><tr><td>Google Maps<\/td><td>Google Maps ist ein von Google entwickelter geografischer Internetdienst, der die Suche und Anzeige geografischer Karten erm\u00f6glicht<\/td><\/tr><tr><td>Google Analytics<\/td><td>Google Analytics ist ein Webanalysedienst von Google, der es Ihnen erm\u00f6glicht, detaillierte Statistiken \u00fcber Besucher einer Website auszuwerten<\/td><\/tr><tr><td>Google Tag Manager<\/td><td>Google Tag Manager ist ein Tag-Management-System, mit dem Sie Tracking-Codes und zugeh\u00f6rige Code-Snippets schnell und einfach aktualisieren k\u00f6nnen<\/td><\/tr><tr><td>Google-API<\/td><td>Google-APIstellt Tools zur Integration verschiedener Google-Funktionen in die Website bereit, beispielsweise Karten oder Schriftarten.<\/td><\/tr><tr><td>reCAPTCHA<\/td><td>reCAPTCHA ist ein Google-Dienst, der zur Identifizierung von Bots verwendet wird, um die Website vor b\u00f6swilligen Spam-Angriffen zu sch\u00fctzen<\/td><\/tr><tr><td>Doppelklick<\/td><td>Doubleclick ist ein Dienst von Google, der ein erweitertes Nutzer-Tracking erm\u00f6glicht, um personalisierte Werbung entsprechend dem Profil des Nutzers anzuzeigen<\/td><\/tr><tr><td>Wolkenflare<\/td><td>Cloudflare ist ein CDN, das als Caching-Reverse-Proxy fungiert, ein Server, der sich zwischen die Website und den Besucher stellt, um die Leistung und Sicherheit der Website zu erh\u00f6hen<\/td><\/tr><tr><td>Salesforce Pardot<\/td><td>Pardot ist ein Marketing-Automatisierungstool, das Kampagnen zur Lead-Generierung erstellt und verwaltet<\/td><\/tr><tr><td>YouTube<\/td><td>YouTube ist eine Web 2.0-Plattform, die das Teilen und Anzeigen von Multimedia-Inhalten online erm\u00f6glicht<\/td><\/tr><tr><td>CookieJa<\/td><td>CookieYes ist ein Dienst, der Websites dabei hilft, die DSGVO-Gesetzgebung zu Cookies einzuhalten. Er wird verwendet, um ein Einwilligungsbanner einzuf\u00fcgen und die Entscheidung des Benutzers oder eine andere Entscheidung dar\u00fcber aufzuzeichnen, ob Cookies installiert werden sollen oder nicht.<\/td><\/tr><tr><td>QRcodekit<\/td><td>Mit QRcodekit k\u00f6nnen Sie QR-Codes erstellen und verwalten, wodurch das Teilen von Inhalten erleichtert und deren Verwendung durch Scannen \u00fcberwacht wird.<\/td><\/tr><tr><td>Bitly<\/td><td>Mit Bitly k\u00f6nnen Sie Links k\u00fcrzen und verwalten, um sie einfacher zu teilen und deren Nutzung zu verfolgen.<\/td><\/tr><tr><td>Linktree<\/td><td>Mit Linktree k\u00f6nnen Sie mehrere Links \u00fcber eine einzige URL teilen und bieten so eine einfache L\u00f6sung zum Organisieren von Inhalten.<\/td><\/tr><tr><td>Kontaktformular 7<\/td><td>Contact Form 7 erm\u00f6glicht die Erstellung von Kontaktformularen und erleichtert so die Interaktion zwischen der Website und Benutzern.<\/td><\/tr><tr><td>Cookiebot<\/td><td>Cookiebot verwaltet die Cookie-Zustimmung und stellt sicher, dass die Website Datenschutzbestimmungen wie die DSGVO einh\u00e4lt.<\/td><\/tr><tr><td>Facebook<\/td><td>Facebook bietet Tools zur \u00dcberwachung und Verwaltung von Benutzerinteraktionen auf der Website durch die Integration von Tracking-Funktionen.<\/td><\/tr><tr><td>LinkedIn<\/td><td>LinkedIn erm\u00f6glicht Ihnen die Integration von Tracking- und Interaktionsmanagementfunktionen zwischen der Website und Benutzern, die von der LinkedIn-Plattform kommen.<\/td><\/tr><tr><td>DSGVO-Cookie-Einwilligung<\/td><td>DSGVO-Cookie-Zustimmung verwaltet die Zustimmung zur Verwendung von Cookies auf der Website und stellt so die Einhaltung der DSGVO-Verordnung sicher.<\/td><\/tr><tr><td>Popup-Builder \/ Popup-Maker<\/td><td>Popup Builder\/Popup Maker erm\u00f6glichen die Erstellung interaktiver Popups auf der Website f\u00fcr verschiedene Zwecke, beispielsweise f\u00fcr Werbeaktionen oder Registrierungen.<\/td><\/tr><\/tbody><\/table><\/figure>\n\n\n\n<p>Letzte Aktualisierung 10.09.2024<\/p>\n\n\n\n<div style=\"height:109px\" aria-hidden=\"true\" class=\"wp-block-spacer\"><\/div>\n\n\n\n<hr class=\"wp-block-separator has-alpha-channel-opacity\"\/>\n\n\n\n<div style=\"height:40px\" aria-hidden=\"true\" class=\"wp-block-spacer\"><\/div>\n\n\n\n<div style=\"height:57px\" aria-hidden=\"true\" class=\"wp-block-spacer\"><\/div>\n","protected":false},"excerpt":{"rendered":"<p>INFORMATIONEN ZUR VERARBEITUNG PERSONENBEZOGENER DATEN(Artikel 13 und 14 der EU-Verordnung 2016\/679 und Gesetzesdekret 196\/2003 und nachfolgende \u00c4nderungen) Lieber Nutzer, Im Folgenden stellen wir Ihnen einige Informationen zur Verf\u00fcgung, die Sie zur Kenntnis nehmen m\u00fcssen, nicht nur zur Einhaltung gesetzlicher Verpflichtungen, sondern auch, weil Transparenz und Fairness gegen\u00fcber Interessenten ein wesentlicher Bestandteil unserer T\u00e4tigkeit sind. Diese&hellip;<\/p>\n","protected":false},"author":11725,"featured_media":0,"parent":7510,"menu_order":0,"comment_status":"closed","ping_status":"closed","template":"","meta":{"_acf_changed":false,"footnotes":""},"class_list":["post-7454","page","type-page","status-publish","hentry","description-off"],"acf":[],"_links":{"self":[{"href":"https:\/\/www.thesisitalia.com\/de\/wp-json\/wp\/v2\/pages\/7454","targetHints":{"allow":["GET"]}}],"collection":[{"href":"https:\/\/www.thesisitalia.com\/de\/wp-json\/wp\/v2\/pages"}],"about":[{"href":"https:\/\/www.thesisitalia.com\/de\/wp-json\/wp\/v2\/types\/page"}],"author":[{"embeddable":true,"href":"https:\/\/www.thesisitalia.com\/de\/wp-json\/wp\/v2\/users\/11725"}],"replies":[{"embeddable":true,"href":"https:\/\/www.thesisitalia.com\/de\/wp-json\/wp\/v2\/comments?post=7454"}],"version-history":[{"count":4,"href":"https:\/\/www.thesisitalia.com\/de\/wp-json\/wp\/v2\/pages\/7454\/revisions"}],"predecessor-version":[{"id":8362,"href":"https:\/\/www.thesisitalia.com\/de\/wp-json\/wp\/v2\/pages\/7454\/revisions\/8362"}],"up":[{"embeddable":true,"href":"https:\/\/www.thesisitalia.com\/de\/wp-json\/wp\/v2\/pages\/7510"}],"wp:attachment":[{"href":"https:\/\/www.thesisitalia.com\/de\/wp-json\/wp\/v2\/media?parent=7454"}],"curies":[{"name":"wp","href":"https:\/\/api.w.org\/{rel}","templated":true}]}}