	{"id":745,"date":"2017-09-30T07:41:44","date_gmt":"2017-09-30T05:41:44","guid":{"rendered":"http:\/\/thesisitalia.com\/katalog\/handy-line\/"},"modified":"2019-07-16T16:35:55","modified_gmt":"2019-07-16T14:35:55","slug":"handy-line","status":"publish","type":"page","link":"https:\/\/www.thesisitalia.com\/de\/katalog\/handy-line\/","title":{"rendered":"HANDY line"},"content":{"rendered":"<div class=\"wpb-content-wrapper\"><p>[vc_row][vc_column width=&#8220;1\/3&#8243;]<div class=\"dt-fancy-separator title-left h1-size style-disabled\" style=\"width: 100%;\"><div class=\"dt-fancy-title\" style=\"color: #0b4fa2;\"><span class=\"separator-holder separator-left\"><\/span>HANDY line<span class=\"separator-holder separator-right\"><\/span><\/div><\/div>[\/vc_column][vc_column width=&#8220;2\/3&#8243;][vc_column_text]<\/p>\n<p class=\"p1\">Die Linie <strong>HANDY<\/strong> zeichnet sich durch ihre breite Auswahl an Modellen aus, die f\u00fcr alle Situationen geeignet sind. Das mit einer Platine ausger\u00fcstete Steuersystem erm\u00f6glicht die Einstellung und Steuerung der Zeiten und Temperaturen f\u00fcr das Sp\u00fclen und Ablassen und des zugeh\u00f6rigen Thermostopps, die f\u00fcr ein hervorragendes Sp\u00fclergebnis unverzichtbar sind. \u00dcber die Bedientafel k\u00f6nnen einer der 4 Waschzyklen und ein automatischer Ablasszyklus (bei installierter Ablasspumpe) ausgew\u00e4hlt und auf dem Display die Temperatur von Tank und Boiler, die Meldungen des Selbstdiagnosesystems und der Hinweis f\u00fcr die planm\u00e4\u00dfige Wartung benutzerfreundlich angezeigt werden. Die intelligente Starttaste zeigt durch ihren Farbwechsel immer mit gro\u00dfer Einfachheit den Zustand des Geschirrsp\u00fclers angezeigt.<\/p>\n<p>[\/vc_column_text][\/vc_column][\/vc_row]<\/p>\n<\/div>","protected":false},"excerpt":{"rendered":"<p>[vc_row][vc_column width=&#8220;1\/3&#8243;][\/vc_column][vc_column width=&#8220;2\/3&#8243;][vc_column_text] Die Linie HANDY zeichnet sich durch ihre breite Auswahl an Modellen aus, die f\u00fcr alle Situationen geeignet sind. Das mit einer Platine ausger\u00fcstete Steuersystem erm\u00f6glicht die Einstellung und Steuerung der Zeiten und Temperaturen f\u00fcr das Sp\u00fclen und Ablassen und des zugeh\u00f6rigen Thermostopps, die f\u00fcr ein hervorragendes Sp\u00fclergebnis unverzichtbar sind. \u00dcber die Bedientafel&hellip;<\/p>\n","protected":false},"author":1,"featured_media":0,"parent":702,"menu_order":0,"comment_status":"closed","ping_status":"closed","template":"tax-linea.php","meta":{"_acf_changed":false,"footnotes":""},"class_list":["post-745","page","type-page","status-publish","hentry","description-off"],"acf":[],"_links":{"self":[{"href":"https:\/\/www.thesisitalia.com\/de\/wp-json\/wp\/v2\/pages\/745","targetHints":{"allow":["GET"]}}],"collection":[{"href":"https:\/\/www.thesisitalia.com\/de\/wp-json\/wp\/v2\/pages"}],"about":[{"href":"https:\/\/www.thesisitalia.com\/de\/wp-json\/wp\/v2\/types\/page"}],"author":[{"embeddable":true,"href":"https:\/\/www.thesisitalia.com\/de\/wp-json\/wp\/v2\/users\/1"}],"replies":[{"embeddable":true,"href":"https:\/\/www.thesisitalia.com\/de\/wp-json\/wp\/v2\/comments?post=745"}],"version-history":[{"count":3,"href":"https:\/\/www.thesisitalia.com\/de\/wp-json\/wp\/v2\/pages\/745\/revisions"}],"predecessor-version":[{"id":1600,"href":"https:\/\/www.thesisitalia.com\/de\/wp-json\/wp\/v2\/pages\/745\/revisions\/1600"}],"up":[{"embeddable":true,"href":"https:\/\/www.thesisitalia.com\/de\/wp-json\/wp\/v2\/pages\/702"}],"wp:attachment":[{"href":"https:\/\/www.thesisitalia.com\/de\/wp-json\/wp\/v2\/media?parent=745"}],"curies":[{"name":"wp","href":"https:\/\/api.w.org\/{rel}","templated":true}]}}