	{"id":1417,"date":"2019-03-08T17:47:08","date_gmt":"2019-03-08T16:47:08","guid":{"rendered":"https:\/\/www.thesisitalia.com\/?page_id=1417"},"modified":"2019-03-08T17:47:08","modified_gmt":"2019-03-08T16:47:08","slug":"installationsanleitungen-zubehoer","status":"publish","type":"page","link":"https:\/\/www.thesisitalia.com\/de\/dokumentation\/installationsanleitungen-zubehoer\/","title":{"rendered":"Installationsanleitungen Zubeh\u00f6r"},"content":{"rendered":"Du musst angemeldet sein, um diesen Inhalt sehen zu k\u00f6nnen.","protected":false},"excerpt":{"rendered":"Du musst angemeldet sein, um diesen Inhalt sehen zu k\u00f6nnen.","protected":false},"author":3,"featured_media":0,"parent":452,"menu_order":0,"comment_status":"closed","ping_status":"closed","template":"page-template-documentazione.php","meta":{"_acf_changed":false,"footnotes":""},"class_list":["post-1417","page","type-page","status-publish","hentry","description-off"],"acf":[],"_links":{"self":[{"href":"https:\/\/www.thesisitalia.com\/de\/wp-json\/wp\/v2\/pages\/1417","targetHints":{"allow":["GET"]}}],"collection":[{"href":"https:\/\/www.thesisitalia.com\/de\/wp-json\/wp\/v2\/pages"}],"about":[{"href":"https:\/\/www.thesisitalia.com\/de\/wp-json\/wp\/v2\/types\/page"}],"author":[{"embeddable":true,"href":"https:\/\/www.thesisitalia.com\/de\/wp-json\/wp\/v2\/users\/3"}],"replies":[{"embeddable":true,"href":"https:\/\/www.thesisitalia.com\/de\/wp-json\/wp\/v2\/comments?post=1417"}],"version-history":[{"count":2,"href":"https:\/\/www.thesisitalia.com\/de\/wp-json\/wp\/v2\/pages\/1417\/revisions"}],"predecessor-version":[{"id":1441,"href":"https:\/\/www.thesisitalia.com\/de\/wp-json\/wp\/v2\/pages\/1417\/revisions\/1441"}],"up":[{"embeddable":true,"href":"https:\/\/www.thesisitalia.com\/de\/wp-json\/wp\/v2\/pages\/452"}],"wp:attachment":[{"href":"https:\/\/www.thesisitalia.com\/de\/wp-json\/wp\/v2\/media?parent=1417"}],"curies":[{"name":"wp","href":"https:\/\/api.w.org\/{rel}","templated":true}]}}